{"id":135,"date":"2019-08-21T06:08:42","date_gmt":"2019-08-21T06:08:42","guid":{"rendered":"https:\/\/themepalacedemo.com\/tourist-pro\/?page_id=135"},"modified":"2020-10-14T15:56:25","modified_gmt":"2020-10-14T18:56:25","slug":"world-tour","status":"publish","type":"page","link":"https:\/\/discoverytour.ar\/?page_id=135","title":{"rendered":"Compromiso"},"content":{"rendered":"<h5>Los resultados ser\u00e1n siempre los mejores y esperados cuando ofrecemos a nuestros clientes la excelencia en el servicio orientando la gesti\u00f3n a la calidad total.<\/h5>\n<h5>Per qu\u00e9 es dar excelencia en el servicio?<\/h5>\n<h5>Conocer lo que el clienet espera y superar siempre m\u00e1s sus expectativas. Porque a fin dde cuentas el objetivo fundamenteal de toda organizaci\u00f3n exitosa es la satisfacci\u00f3n total de nuestros clientes. Y a eso nos comprometemos.<\/h5>\n","protected":false},"excerpt":{"rendered":"<p>Los resultados ser\u00e1n siempre los mejores y esperados cuando ofrecemos a nuestros clientes la excelencia en el servicio orientando la gesti\u00f3n a la calidad total.&hellip;<\/p>\n","protected":false},"author":2,"featured_media":792,"parent":0,"menu_order":0,"comment_status":"closed","ping_status":"closed","template":"","meta":[],"yoast_head":"<!-- This site is optimized with the Yoast SEO plugin v18.9 - https:\/\/yoast.com\/wordpress\/plugins\/seo\/ -->\n<title>Compromiso - Discovery Tour Argentina<\/title>\n<meta name=\"robots\" content=\"index, follow, max-snippet:-1, max-image-preview:large, max-video-preview:-1\" \/>\n<link rel=\"canonical\" href=\"https:\/\/discoverytour.ar\/?page_id=135\" \/>\n<meta property=\"og:locale\" content=\"es_ES\" \/>\n<meta property=\"og:type\" content=\"article\" \/>\n<meta property=\"og:title\" content=\"Compromiso - Discovery Tour Argentina\" \/>\n<meta property=\"og:description\" content=\"Los resultados ser\u00e1n siempre los mejores y esperados cuando ofrecemos a nuestros clientes la excelencia en el servicio orientando la gesti\u00f3n a la calidad total.&hellip;\" \/>\n<meta property=\"og:url\" content=\"https:\/\/discoverytour.ar\/?page_id=135\" \/>\n<meta property=\"og:site_name\" content=\"Discovery Tour Argentina\" \/>\n<meta property=\"article:modified_time\" content=\"2020-10-14T18:56:25+00:00\" \/>\n<meta property=\"og:image\" content=\"https:\/\/discoverytour.ar\/wp-content\/uploads\/2020\/10\/team-spirit-2447163_1920.jpg\" \/>\n\t<meta property=\"og:image:width\" content=\"1920\" \/>\n\t<meta property=\"og:image:height\" content=\"1555\" \/>\n\t<meta property=\"og:image:type\" content=\"image\/jpeg\" \/>\n<meta name=\"twitter:card\" content=\"summary_large_image\" \/>\n<script type=\"application\/ld+json\" class=\"yoast-schema-graph\">{\"@context\":\"https:\/\/schema.org\",\"@graph\":[{\"@type\":\"Organization\",\"@id\":\"https:\/\/discoverytour.ar\/#organization\",\"name\":\"Discovery Tour\",\"url\":\"https:\/\/discoverytour.ar\/\",\"sameAs\":[],\"logo\":{\"@type\":\"ImageObject\",\"inLanguage\":\"es-AR\",\"@id\":\"https:\/\/discoverytour.ar\/#\/schema\/logo\/image\/\",\"url\":\"https:\/\/discoverytour.ar\/wp-content\/uploads\/2020\/10\/imagen-5.png\",\"contentUrl\":\"https:\/\/discoverytour.ar\/wp-content\/uploads\/2020\/10\/imagen-5.png\",\"width\":423,\"height\":144,\"caption\":\"Discovery Tour\"},\"image\":{\"@id\":\"https:\/\/discoverytour.ar\/#\/schema\/logo\/image\/\"}},{\"@type\":\"WebSite\",\"@id\":\"https:\/\/discoverytour.ar\/#website\",\"url\":\"https:\/\/discoverytour.ar\/\",\"name\":\"Discovery Tour Argentina :: Viajes\",\"description\":\"Viajes, Turismo, Destinos, Viajeros, Argentina y el mundo\",\"publisher\":{\"@id\":\"https:\/\/discoverytour.ar\/#organization\"},\"potentialAction\":[{\"@type\":\"SearchAction\",\"target\":{\"@type\":\"EntryPoint\",\"urlTemplate\":\"https:\/\/discoverytour.ar\/?s={search_term_string}\"},\"query-input\":\"required name=search_term_string\"}],\"inLanguage\":\"es-AR\"},{\"@type\":\"ImageObject\",\"inLanguage\":\"es-AR\",\"@id\":\"https:\/\/discoverytour.ar\/?page_id=135#primaryimage\",\"url\":\"https:\/\/discoverytour.ar\/wp-content\/uploads\/2020\/10\/team-spirit-2447163_1920.jpg\",\"contentUrl\":\"https:\/\/discoverytour.ar\/wp-content\/uploads\/2020\/10\/team-spirit-2447163_1920.jpg\",\"width\":1920,\"height\":1555},{\"@type\":\"WebPage\",\"@id\":\"https:\/\/discoverytour.ar\/?page_id=135#webpage\",\"url\":\"https:\/\/discoverytour.ar\/?page_id=135\",\"name\":\"Compromiso - Discovery Tour Argentina\",\"isPartOf\":{\"@id\":\"https:\/\/discoverytour.ar\/#website\"},\"primaryImageOfPage\":{\"@id\":\"https:\/\/discoverytour.ar\/?page_id=135#primaryimage\"},\"datePublished\":\"2019-08-21T06:08:42+00:00\",\"dateModified\":\"2020-10-14T18:56:25+00:00\",\"breadcrumb\":{\"@id\":\"https:\/\/discoverytour.ar\/?page_id=135#breadcrumb\"},\"inLanguage\":\"es-AR\",\"potentialAction\":[{\"@type\":\"ReadAction\",\"target\":[\"https:\/\/discoverytour.ar\/?page_id=135\"]}]},{\"@type\":\"BreadcrumbList\",\"@id\":\"https:\/\/discoverytour.ar\/?page_id=135#breadcrumb\",\"itemListElement\":[{\"@type\":\"ListItem\",\"position\":1,\"name\":\"Home\",\"item\":\"https:\/\/discoverytour.ar\/\"},{\"@type\":\"ListItem\",\"position\":2,\"name\":\"Compromiso\"}]}]}<\/script>\n<!-- \/ Yoast SEO plugin. -->","yoast_head_json":{"title":"Compromiso - Discovery Tour Argentina","robots":{"index":"index","follow":"follow","max-snippet":"max-snippet:-1","max-image-preview":"max-image-preview:large","max-video-preview":"max-video-preview:-1"},"canonical":"https:\/\/discoverytour.ar\/?page_id=135","og_locale":"es_ES","og_type":"article","og_title":"Compromiso - Discovery Tour Argentina","og_description":"Los resultados ser\u00e1n siempre los mejores y esperados cuando ofrecemos a nuestros clientes la excelencia en el servicio orientando la gesti\u00f3n a la calidad total.&hellip;","og_url":"https:\/\/discoverytour.ar\/?page_id=135","og_site_name":"Discovery Tour Argentina","article_modified_time":"2020-10-14T18:56:25+00:00","og_image":[{"width":1920,"height":1555,"url":"https:\/\/discoverytour.ar\/wp-content\/uploads\/2020\/10\/team-spirit-2447163_1920.jpg","type":"image\/jpeg"}],"twitter_card":"summary_large_image","schema":{"@context":"https:\/\/schema.org","@graph":[{"@type":"Organization","@id":"https:\/\/discoverytour.ar\/#organization","name":"Discovery Tour","url":"https:\/\/discoverytour.ar\/","sameAs":[],"logo":{"@type":"ImageObject","inLanguage":"es-AR","@id":"https:\/\/discoverytour.ar\/#\/schema\/logo\/image\/","url":"https:\/\/discoverytour.ar\/wp-content\/uploads\/2020\/10\/imagen-5.png","contentUrl":"https:\/\/discoverytour.ar\/wp-content\/uploads\/2020\/10\/imagen-5.png","width":423,"height":144,"caption":"Discovery Tour"},"image":{"@id":"https:\/\/discoverytour.ar\/#\/schema\/logo\/image\/"}},{"@type":"WebSite","@id":"https:\/\/discoverytour.ar\/#website","url":"https:\/\/discoverytour.ar\/","name":"Discovery Tour Argentina :: Viajes","description":"Viajes, Turismo, Destinos, Viajeros, Argentina y el mundo","publisher":{"@id":"https:\/\/discoverytour.ar\/#organization"},"potentialAction":[{"@type":"SearchAction","target":{"@type":"EntryPoint","urlTemplate":"https:\/\/discoverytour.ar\/?s={search_term_string}"},"query-input":"required name=search_term_string"}],"inLanguage":"es-AR"},{"@type":"ImageObject","inLanguage":"es-AR","@id":"https:\/\/discoverytour.ar\/?page_id=135#primaryimage","url":"https:\/\/discoverytour.ar\/wp-content\/uploads\/2020\/10\/team-spirit-2447163_1920.jpg","contentUrl":"https:\/\/discoverytour.ar\/wp-content\/uploads\/2020\/10\/team-spirit-2447163_1920.jpg","width":1920,"height":1555},{"@type":"WebPage","@id":"https:\/\/discoverytour.ar\/?page_id=135#webpage","url":"https:\/\/discoverytour.ar\/?page_id=135","name":"Compromiso - Discovery Tour Argentina","isPartOf":{"@id":"https:\/\/discoverytour.ar\/#website"},"primaryImageOfPage":{"@id":"https:\/\/discoverytour.ar\/?page_id=135#primaryimage"},"datePublished":"2019-08-21T06:08:42+00:00","dateModified":"2020-10-14T18:56:25+00:00","breadcrumb":{"@id":"https:\/\/discoverytour.ar\/?page_id=135#breadcrumb"},"inLanguage":"es-AR","potentialAction":[{"@type":"ReadAction","target":["https:\/\/discoverytour.ar\/?page_id=135"]}]},{"@type":"BreadcrumbList","@id":"https:\/\/discoverytour.ar\/?page_id=135#breadcrumb","itemListElement":[{"@type":"ListItem","position":1,"name":"Home","item":"https:\/\/discoverytour.ar\/"},{"@type":"ListItem","position":2,"name":"Compromiso"}]}]}},"_links":{"self":[{"href":"https:\/\/discoverytour.ar\/index.php?rest_route=\/wp\/v2\/pages\/135"}],"collection":[{"href":"https:\/\/discoverytour.ar\/index.php?rest_route=\/wp\/v2\/pages"}],"about":[{"href":"https:\/\/discoverytour.ar\/index.php?rest_route=\/wp\/v2\/types\/page"}],"author":[{"embeddable":true,"href":"https:\/\/discoverytour.ar\/index.php?rest_route=\/wp\/v2\/users\/2"}],"replies":[{"embeddable":true,"href":"https:\/\/discoverytour.ar\/index.php?rest_route=%2Fwp%2Fv2%2Fcomments&post=135"}],"version-history":[{"count":1,"href":"https:\/\/discoverytour.ar\/index.php?rest_route=\/wp\/v2\/pages\/135\/revisions"}],"predecessor-version":[{"id":788,"href":"https:\/\/discoverytour.ar\/index.php?rest_route=\/wp\/v2\/pages\/135\/revisions\/788"}],"wp:featuredmedia":[{"embeddable":true,"href":"https:\/\/discoverytour.ar\/index.php?rest_route=\/wp\/v2\/media\/792"}],"wp:attachment":[{"href":"https:\/\/discoverytour.ar\/index.php?rest_route=%2Fwp%2Fv2%2Fmedia&parent=135"}],"curies":[{"name":"wp","href":"https:\/\/api.w.org\/{rel}","templated":true}]}}