{"id":211,"date":"2019-08-19T06:49:07","date_gmt":"2019-08-19T06:49:07","guid":{"rendered":"https:\/\/themepalacedemo.com\/tourist-pro\/?page_id=5"},"modified":"2020-10-14T19:28:30","modified_gmt":"2020-10-14T22:28:30","slug":"home","status":"publish","type":"page","link":"https:\/\/discoverytour.ar\/","title":{"rendered":"Discovery Tour"},"content":{"rendered":"\n<p><em>Somos una empresa joven, pero no por eso carente de experiencia. Formamos un equipo de profesionales con amplia trayectoria en diferentes \u00e1reas de la industria tur\u00edstica, enfocado en brindar una atenci\u00f3n altamente personalizada y darle el mejor asesoramiento. Nos distingue una minuciosa selecci\u00f3n de todos los prestatarios de servicios en los destinos que ofrecemos, para garantizar una completa satisfacci\u00f3n de nuestros clientes. Ya sea para viajes individuales a medida, grupales o corporativos somos su mejor elecci\u00f3n.<\/em><\/p>\n\n\n\n<p><\/p>\n\n\n\n<p><\/p>\n\n\n\n<p><\/p>\n\n\n\n<p><\/p>\n\n\n\n<div class=\"wp-block-image\"><figure class=\"aligncenter size-large is-resized\"><img decoding=\"async\" loading=\"lazy\" src=\"https:\/\/discoverytour.ar\/wp-content\/uploads\/2020\/10\/imagen-8-1024x294.png\" alt=\"\" class=\"wp-image-822\" width=\"1015\" height=\"291\" srcset=\"https:\/\/discoverytour.ar\/wp-content\/uploads\/2020\/10\/imagen-8-1024x294.png 1024w, https:\/\/discoverytour.ar\/wp-content\/uploads\/2020\/10\/imagen-8-300x86.png 300w, https:\/\/discoverytour.ar\/wp-content\/uploads\/2020\/10\/imagen-8-768x220.png 768w, https:\/\/discoverytour.ar\/wp-content\/uploads\/2020\/10\/imagen-8.png 1310w\" sizes=\"(max-width: 1015px) 100vw, 1015px\" \/><\/figure><\/div>\n\n\n\n<p><\/p>\n","protected":false},"excerpt":{"rendered":"<p>Somos una empresa joven, pero no por eso carente de experiencia. Formamos un equipo de profesionales con amplia trayectoria en diferentes \u00e1reas de la industria&hellip;<\/p>\n","protected":false},"author":2,"featured_media":797,"parent":0,"menu_order":0,"comment_status":"closed","ping_status":"closed","template":"","meta":[],"yoast_head":"<!-- This site is optimized with the Yoast SEO plugin v18.9 - https:\/\/yoast.com\/wordpress\/plugins\/seo\/ -->\n<title>Discovery Tour - Discovery Tour Argentina<\/title>\n<meta name=\"robots\" content=\"index, follow, max-snippet:-1, max-image-preview:large, max-video-preview:-1\" \/>\n<link rel=\"canonical\" href=\"https:\/\/discoverytour.ar\/\" \/>\n<meta property=\"og:locale\" content=\"es_ES\" \/>\n<meta property=\"og:type\" content=\"article\" \/>\n<meta property=\"og:title\" content=\"Discovery Tour - Discovery Tour Argentina\" \/>\n<meta property=\"og:description\" content=\"Somos una empresa joven, pero no por eso carente de experiencia. Formamos un equipo de profesionales con amplia trayectoria en diferentes \u00e1reas de la industria&hellip;\" \/>\n<meta property=\"og:url\" content=\"https:\/\/discoverytour.ar\/\" \/>\n<meta property=\"og:site_name\" content=\"Discovery Tour Argentina\" \/>\n<meta property=\"article:modified_time\" content=\"2020-10-14T22:28:30+00:00\" \/>\n<meta property=\"og:image\" content=\"https:\/\/discoverytour.ar\/wp-content\/uploads\/2020\/10\/welcome.jpg\" \/>\n\t<meta property=\"og:image:width\" content=\"495\" \/>\n\t<meta property=\"og:image:height\" content=\"333\" \/>\n\t<meta property=\"og:image:type\" content=\"image\/jpeg\" \/>\n<meta name=\"twitter:card\" content=\"summary_large_image\" \/>\n<script type=\"application\/ld+json\" class=\"yoast-schema-graph\">{\"@context\":\"https:\/\/schema.org\",\"@graph\":[{\"@type\":\"Organization\",\"@id\":\"https:\/\/discoverytour.ar\/#organization\",\"name\":\"Discovery Tour\",\"url\":\"https:\/\/discoverytour.ar\/\",\"sameAs\":[],\"logo\":{\"@type\":\"ImageObject\",\"inLanguage\":\"es-AR\",\"@id\":\"https:\/\/discoverytour.ar\/#\/schema\/logo\/image\/\",\"url\":\"https:\/\/discoverytour.ar\/wp-content\/uploads\/2020\/10\/imagen-5.png\",\"contentUrl\":\"https:\/\/discoverytour.ar\/wp-content\/uploads\/2020\/10\/imagen-5.png\",\"width\":423,\"height\":144,\"caption\":\"Discovery Tour\"},\"image\":{\"@id\":\"https:\/\/discoverytour.ar\/#\/schema\/logo\/image\/\"}},{\"@type\":\"WebSite\",\"@id\":\"https:\/\/discoverytour.ar\/#website\",\"url\":\"https:\/\/discoverytour.ar\/\",\"name\":\"Discovery Tour Argentina :: Viajes\",\"description\":\"Viajes, Turismo, Destinos, Viajeros, Argentina y el mundo\",\"publisher\":{\"@id\":\"https:\/\/discoverytour.ar\/#organization\"},\"potentialAction\":[{\"@type\":\"SearchAction\",\"target\":{\"@type\":\"EntryPoint\",\"urlTemplate\":\"https:\/\/discoverytour.ar\/?s={search_term_string}\"},\"query-input\":\"required name=search_term_string\"}],\"inLanguage\":\"es-AR\"},{\"@type\":\"ImageObject\",\"inLanguage\":\"es-AR\",\"@id\":\"https:\/\/discoverytour.ar\/#primaryimage\",\"url\":\"https:\/\/discoverytour.ar\/wp-content\/uploads\/2020\/10\/welcome.jpg\",\"contentUrl\":\"https:\/\/discoverytour.ar\/wp-content\/uploads\/2020\/10\/welcome.jpg\",\"width\":495,\"height\":333},{\"@type\":\"WebPage\",\"@id\":\"https:\/\/discoverytour.ar\/#webpage\",\"url\":\"https:\/\/discoverytour.ar\/\",\"name\":\"Discovery Tour - Discovery Tour Argentina\",\"isPartOf\":{\"@id\":\"https:\/\/discoverytour.ar\/#website\"},\"primaryImageOfPage\":{\"@id\":\"https:\/\/discoverytour.ar\/#primaryimage\"},\"datePublished\":\"2019-08-19T06:49:07+00:00\",\"dateModified\":\"2020-10-14T22:28:30+00:00\",\"breadcrumb\":{\"@id\":\"https:\/\/discoverytour.ar\/#breadcrumb\"},\"inLanguage\":\"es-AR\",\"potentialAction\":[{\"@type\":\"ReadAction\",\"target\":[\"https:\/\/discoverytour.ar\/\"]}]},{\"@type\":\"BreadcrumbList\",\"@id\":\"https:\/\/discoverytour.ar\/#breadcrumb\",\"itemListElement\":[{\"@type\":\"ListItem\",\"position\":1,\"name\":\"Home\",\"item\":\"https:\/\/discoverytour.ar\/\"},{\"@type\":\"ListItem\",\"position\":2,\"name\":\"Discovery Tour\"}]}]}<\/script>\n<!-- \/ Yoast SEO plugin. -->","yoast_head_json":{"title":"Discovery Tour - Discovery Tour Argentina","robots":{"index":"index","follow":"follow","max-snippet":"max-snippet:-1","max-image-preview":"max-image-preview:large","max-video-preview":"max-video-preview:-1"},"canonical":"https:\/\/discoverytour.ar\/","og_locale":"es_ES","og_type":"article","og_title":"Discovery Tour - Discovery Tour Argentina","og_description":"Somos una empresa joven, pero no por eso carente de experiencia. Formamos un equipo de profesionales con amplia trayectoria en diferentes \u00e1reas de la industria&hellip;","og_url":"https:\/\/discoverytour.ar\/","og_site_name":"Discovery Tour Argentina","article_modified_time":"2020-10-14T22:28:30+00:00","og_image":[{"width":495,"height":333,"url":"https:\/\/discoverytour.ar\/wp-content\/uploads\/2020\/10\/welcome.jpg","type":"image\/jpeg"}],"twitter_card":"summary_large_image","schema":{"@context":"https:\/\/schema.org","@graph":[{"@type":"Organization","@id":"https:\/\/discoverytour.ar\/#organization","name":"Discovery Tour","url":"https:\/\/discoverytour.ar\/","sameAs":[],"logo":{"@type":"ImageObject","inLanguage":"es-AR","@id":"https:\/\/discoverytour.ar\/#\/schema\/logo\/image\/","url":"https:\/\/discoverytour.ar\/wp-content\/uploads\/2020\/10\/imagen-5.png","contentUrl":"https:\/\/discoverytour.ar\/wp-content\/uploads\/2020\/10\/imagen-5.png","width":423,"height":144,"caption":"Discovery Tour"},"image":{"@id":"https:\/\/discoverytour.ar\/#\/schema\/logo\/image\/"}},{"@type":"WebSite","@id":"https:\/\/discoverytour.ar\/#website","url":"https:\/\/discoverytour.ar\/","name":"Discovery Tour Argentina :: Viajes","description":"Viajes, Turismo, Destinos, Viajeros, Argentina y el mundo","publisher":{"@id":"https:\/\/discoverytour.ar\/#organization"},"potentialAction":[{"@type":"SearchAction","target":{"@type":"EntryPoint","urlTemplate":"https:\/\/discoverytour.ar\/?s={search_term_string}"},"query-input":"required name=search_term_string"}],"inLanguage":"es-AR"},{"@type":"ImageObject","inLanguage":"es-AR","@id":"https:\/\/discoverytour.ar\/#primaryimage","url":"https:\/\/discoverytour.ar\/wp-content\/uploads\/2020\/10\/welcome.jpg","contentUrl":"https:\/\/discoverytour.ar\/wp-content\/uploads\/2020\/10\/welcome.jpg","width":495,"height":333},{"@type":"WebPage","@id":"https:\/\/discoverytour.ar\/#webpage","url":"https:\/\/discoverytour.ar\/","name":"Discovery Tour - Discovery Tour Argentina","isPartOf":{"@id":"https:\/\/discoverytour.ar\/#website"},"primaryImageOfPage":{"@id":"https:\/\/discoverytour.ar\/#primaryimage"},"datePublished":"2019-08-19T06:49:07+00:00","dateModified":"2020-10-14T22:28:30+00:00","breadcrumb":{"@id":"https:\/\/discoverytour.ar\/#breadcrumb"},"inLanguage":"es-AR","potentialAction":[{"@type":"ReadAction","target":["https:\/\/discoverytour.ar\/"]}]},{"@type":"BreadcrumbList","@id":"https:\/\/discoverytour.ar\/#breadcrumb","itemListElement":[{"@type":"ListItem","position":1,"name":"Home","item":"https:\/\/discoverytour.ar\/"},{"@type":"ListItem","position":2,"name":"Discovery Tour"}]}]}},"_links":{"self":[{"href":"https:\/\/discoverytour.ar\/index.php?rest_route=\/wp\/v2\/pages\/211"}],"collection":[{"href":"https:\/\/discoverytour.ar\/index.php?rest_route=\/wp\/v2\/pages"}],"about":[{"href":"https:\/\/discoverytour.ar\/index.php?rest_route=\/wp\/v2\/types\/page"}],"author":[{"embeddable":true,"href":"https:\/\/discoverytour.ar\/index.php?rest_route=\/wp\/v2\/users\/2"}],"replies":[{"embeddable":true,"href":"https:\/\/discoverytour.ar\/index.php?rest_route=%2Fwp%2Fv2%2Fcomments&post=211"}],"version-history":[{"count":7,"href":"https:\/\/discoverytour.ar\/index.php?rest_route=\/wp\/v2\/pages\/211\/revisions"}],"predecessor-version":[{"id":824,"href":"https:\/\/discoverytour.ar\/index.php?rest_route=\/wp\/v2\/pages\/211\/revisions\/824"}],"wp:featuredmedia":[{"embeddable":true,"href":"https:\/\/discoverytour.ar\/index.php?rest_route=\/wp\/v2\/media\/797"}],"wp:attachment":[{"href":"https:\/\/discoverytour.ar\/index.php?rest_route=%2Fwp%2Fv2%2Fmedia&parent=211"}],"curies":[{"name":"wp","href":"https:\/\/api.w.org\/{rel}","templated":true}]}}