{"id":2264,"date":"2022-01-21T20:19:50","date_gmt":"2022-01-21T23:19:50","guid":{"rendered":"https:\/\/discoverytour.ar\/?page_id=2264"},"modified":"2022-01-23T14:13:22","modified_gmt":"2022-01-23T17:13:22","slug":"usa-con-nosotros-tu-credito-previaje-para-tus-proximas-vacaciones","status":"publish","type":"page","link":"https:\/\/discoverytour.ar\/?page_id=2264","title":{"rendered":"Tus pr\u00f3ximas vacaciones con tu cr\u00e9dito Previaje"},"content":{"rendered":"\n<p style=\"font-size:20px\">Fuiste beneficiario del Programa PREVIAJE y ten\u00e9s cr\u00e9ditos restantes para utilizar?<\/p>\n\n\n\n<p style=\"font-size:20px\">Program\u00e1 tus pr\u00f3ximas vacaciones por Argentina con nosotros y utiliz\u00e1 parte o todos tus cr\u00e9ditos de PREVIAJE en tu compra.<\/p>\n\n\n\n<p style=\"font-size:20px\"><\/p>\n\n\n\n<p style=\"font-size:20px\">O no quer\u00e9s planear a\u00fan un pr\u00f3ximo viaje? Entonces pod\u00e9s utilizalo en tours y excursiones por tu ciudad, shows de Tango, en la compra en alg\u00fan vuelo o ticket de bus, pero no dejes de utilizarlo!<\/p>\n\n\n\n<p style=\"font-size:20px\"><\/p>\n\n\n\n<p style=\"font-size:20px\">Chatea <a href=\"https:\/\/api.whatsapp.com\/send\/?phone=5491173620940&amp;text&amp;app_absent=0\" target=\"_blank\" rel=\"noreferrer noopener\">aqu\u00ed<\/a> con un asesor de Discovery Tour por Whatsapp y te ofreceremos la mejor alternativa de servicios tur\u00edsticos para que puedas abonar con tu Tarjeta de Cr\u00e9dito PREVIAJE.<\/p>\n\n\n\n<div class=\"wp-block-image\"><figure class=\"aligncenter size-full\"><img decoding=\"async\" loading=\"lazy\" width=\"238\" height=\"139\" src=\"https:\/\/discoverytour.ar\/wp-content\/uploads\/2022\/01\/image.png\" alt=\"\" class=\"wp-image-2269\"\/><\/figure><\/div>\n\n\n\n<p><\/p>\n\n\n\n<p><\/p>\n","protected":false},"excerpt":{"rendered":"<p>Fuiste beneficiario del Programa PREVIAJE y ten\u00e9s cr\u00e9ditos restantes para utilizar? Program\u00e1 tus pr\u00f3ximas vacaciones por Argentina con nosotros y utiliz\u00e1 parte o todos tus&hellip;<\/p>\n","protected":false},"author":1,"featured_media":2300,"parent":0,"menu_order":0,"comment_status":"closed","ping_status":"closed","template":"","meta":[],"yoast_head":"<!-- This site is optimized with the Yoast SEO plugin v18.9 - https:\/\/yoast.com\/wordpress\/plugins\/seo\/ -->\n<title>Tus pr\u00f3ximas vacaciones con tu cr\u00e9dito Previaje - Discovery Tour Argentina<\/title>\n<meta name=\"robots\" content=\"index, follow, max-snippet:-1, max-image-preview:large, max-video-preview:-1\" \/>\n<link rel=\"canonical\" href=\"https:\/\/discoverytour.ar\/?page_id=2264\" \/>\n<meta property=\"og:locale\" content=\"es_ES\" \/>\n<meta property=\"og:type\" content=\"article\" \/>\n<meta property=\"og:title\" content=\"Tus pr\u00f3ximas vacaciones con tu cr\u00e9dito Previaje - Discovery Tour Argentina\" \/>\n<meta property=\"og:description\" content=\"Fuiste beneficiario del Programa PREVIAJE y ten\u00e9s cr\u00e9ditos restantes para utilizar? Program\u00e1 tus pr\u00f3ximas vacaciones por Argentina con nosotros y utiliz\u00e1 parte o todos tus&hellip;\" \/>\n<meta property=\"og:url\" content=\"https:\/\/discoverytour.ar\/?page_id=2264\" \/>\n<meta property=\"og:site_name\" content=\"Discovery Tour Argentina\" \/>\n<meta property=\"article:modified_time\" content=\"2022-01-23T17:13:22+00:00\" \/>\n<meta property=\"og:image\" content=\"https:\/\/discoverytour.ar\/wp-content\/uploads\/2022\/01\/banner-creditopreviaje4.jpg\" \/>\n\t<meta property=\"og:image:width\" content=\"1436\" \/>\n\t<meta property=\"og:image:height\" content=\"718\" \/>\n\t<meta property=\"og:image:type\" content=\"image\/jpeg\" \/>\n<meta name=\"twitter:card\" content=\"summary_large_image\" \/>\n<meta name=\"twitter:label1\" content=\"Tiempo de lectura\" \/>\n\t<meta name=\"twitter:data1\" content=\"1 minuto\" \/>\n<script type=\"application\/ld+json\" class=\"yoast-schema-graph\">{\"@context\":\"https:\/\/schema.org\",\"@graph\":[{\"@type\":\"Organization\",\"@id\":\"https:\/\/discoverytour.ar\/#organization\",\"name\":\"Discovery Tour\",\"url\":\"https:\/\/discoverytour.ar\/\",\"sameAs\":[],\"logo\":{\"@type\":\"ImageObject\",\"inLanguage\":\"es-AR\",\"@id\":\"https:\/\/discoverytour.ar\/#\/schema\/logo\/image\/\",\"url\":\"https:\/\/discoverytour.ar\/wp-content\/uploads\/2020\/10\/imagen-5.png\",\"contentUrl\":\"https:\/\/discoverytour.ar\/wp-content\/uploads\/2020\/10\/imagen-5.png\",\"width\":423,\"height\":144,\"caption\":\"Discovery Tour\"},\"image\":{\"@id\":\"https:\/\/discoverytour.ar\/#\/schema\/logo\/image\/\"}},{\"@type\":\"WebSite\",\"@id\":\"https:\/\/discoverytour.ar\/#website\",\"url\":\"https:\/\/discoverytour.ar\/\",\"name\":\"Discovery Tour Argentina :: Viajes\",\"description\":\"Viajes, Turismo, Destinos, Viajeros, Argentina y el mundo\",\"publisher\":{\"@id\":\"https:\/\/discoverytour.ar\/#organization\"},\"potentialAction\":[{\"@type\":\"SearchAction\",\"target\":{\"@type\":\"EntryPoint\",\"urlTemplate\":\"https:\/\/discoverytour.ar\/?s={search_term_string}\"},\"query-input\":\"required name=search_term_string\"}],\"inLanguage\":\"es-AR\"},{\"@type\":\"ImageObject\",\"inLanguage\":\"es-AR\",\"@id\":\"https:\/\/discoverytour.ar\/?page_id=2264#primaryimage\",\"url\":\"https:\/\/discoverytour.ar\/wp-content\/uploads\/2022\/01\/banner-creditopreviaje4.jpg\",\"contentUrl\":\"https:\/\/discoverytour.ar\/wp-content\/uploads\/2022\/01\/banner-creditopreviaje4.jpg\",\"width\":1436,\"height\":718},{\"@type\":\"WebPage\",\"@id\":\"https:\/\/discoverytour.ar\/?page_id=2264#webpage\",\"url\":\"https:\/\/discoverytour.ar\/?page_id=2264\",\"name\":\"Tus pr\u00f3ximas vacaciones con tu cr\u00e9dito Previaje - Discovery Tour Argentina\",\"isPartOf\":{\"@id\":\"https:\/\/discoverytour.ar\/#website\"},\"primaryImageOfPage\":{\"@id\":\"https:\/\/discoverytour.ar\/?page_id=2264#primaryimage\"},\"datePublished\":\"2022-01-21T23:19:50+00:00\",\"dateModified\":\"2022-01-23T17:13:22+00:00\",\"breadcrumb\":{\"@id\":\"https:\/\/discoverytour.ar\/?page_id=2264#breadcrumb\"},\"inLanguage\":\"es-AR\",\"potentialAction\":[{\"@type\":\"ReadAction\",\"target\":[\"https:\/\/discoverytour.ar\/?page_id=2264\"]}]},{\"@type\":\"BreadcrumbList\",\"@id\":\"https:\/\/discoverytour.ar\/?page_id=2264#breadcrumb\",\"itemListElement\":[{\"@type\":\"ListItem\",\"position\":1,\"name\":\"Home\",\"item\":\"https:\/\/discoverytour.ar\/\"},{\"@type\":\"ListItem\",\"position\":2,\"name\":\"Tus pr\u00f3ximas vacaciones con tu cr\u00e9dito Previaje\"}]}]}<\/script>\n<!-- \/ Yoast SEO plugin. -->","yoast_head_json":{"title":"Tus pr\u00f3ximas vacaciones con tu cr\u00e9dito Previaje - Discovery Tour Argentina","robots":{"index":"index","follow":"follow","max-snippet":"max-snippet:-1","max-image-preview":"max-image-preview:large","max-video-preview":"max-video-preview:-1"},"canonical":"https:\/\/discoverytour.ar\/?page_id=2264","og_locale":"es_ES","og_type":"article","og_title":"Tus pr\u00f3ximas vacaciones con tu cr\u00e9dito Previaje - Discovery Tour Argentina","og_description":"Fuiste beneficiario del Programa PREVIAJE y ten\u00e9s cr\u00e9ditos restantes para utilizar? Program\u00e1 tus pr\u00f3ximas vacaciones por Argentina con nosotros y utiliz\u00e1 parte o todos tus&hellip;","og_url":"https:\/\/discoverytour.ar\/?page_id=2264","og_site_name":"Discovery Tour Argentina","article_modified_time":"2022-01-23T17:13:22+00:00","og_image":[{"width":1436,"height":718,"url":"https:\/\/discoverytour.ar\/wp-content\/uploads\/2022\/01\/banner-creditopreviaje4.jpg","type":"image\/jpeg"}],"twitter_card":"summary_large_image","twitter_misc":{"Tiempo de lectura":"1 minuto"},"schema":{"@context":"https:\/\/schema.org","@graph":[{"@type":"Organization","@id":"https:\/\/discoverytour.ar\/#organization","name":"Discovery Tour","url":"https:\/\/discoverytour.ar\/","sameAs":[],"logo":{"@type":"ImageObject","inLanguage":"es-AR","@id":"https:\/\/discoverytour.ar\/#\/schema\/logo\/image\/","url":"https:\/\/discoverytour.ar\/wp-content\/uploads\/2020\/10\/imagen-5.png","contentUrl":"https:\/\/discoverytour.ar\/wp-content\/uploads\/2020\/10\/imagen-5.png","width":423,"height":144,"caption":"Discovery Tour"},"image":{"@id":"https:\/\/discoverytour.ar\/#\/schema\/logo\/image\/"}},{"@type":"WebSite","@id":"https:\/\/discoverytour.ar\/#website","url":"https:\/\/discoverytour.ar\/","name":"Discovery Tour Argentina :: Viajes","description":"Viajes, Turismo, Destinos, Viajeros, Argentina y el mundo","publisher":{"@id":"https:\/\/discoverytour.ar\/#organization"},"potentialAction":[{"@type":"SearchAction","target":{"@type":"EntryPoint","urlTemplate":"https:\/\/discoverytour.ar\/?s={search_term_string}"},"query-input":"required name=search_term_string"}],"inLanguage":"es-AR"},{"@type":"ImageObject","inLanguage":"es-AR","@id":"https:\/\/discoverytour.ar\/?page_id=2264#primaryimage","url":"https:\/\/discoverytour.ar\/wp-content\/uploads\/2022\/01\/banner-creditopreviaje4.jpg","contentUrl":"https:\/\/discoverytour.ar\/wp-content\/uploads\/2022\/01\/banner-creditopreviaje4.jpg","width":1436,"height":718},{"@type":"WebPage","@id":"https:\/\/discoverytour.ar\/?page_id=2264#webpage","url":"https:\/\/discoverytour.ar\/?page_id=2264","name":"Tus pr\u00f3ximas vacaciones con tu cr\u00e9dito Previaje - Discovery Tour Argentina","isPartOf":{"@id":"https:\/\/discoverytour.ar\/#website"},"primaryImageOfPage":{"@id":"https:\/\/discoverytour.ar\/?page_id=2264#primaryimage"},"datePublished":"2022-01-21T23:19:50+00:00","dateModified":"2022-01-23T17:13:22+00:00","breadcrumb":{"@id":"https:\/\/discoverytour.ar\/?page_id=2264#breadcrumb"},"inLanguage":"es-AR","potentialAction":[{"@type":"ReadAction","target":["https:\/\/discoverytour.ar\/?page_id=2264"]}]},{"@type":"BreadcrumbList","@id":"https:\/\/discoverytour.ar\/?page_id=2264#breadcrumb","itemListElement":[{"@type":"ListItem","position":1,"name":"Home","item":"https:\/\/discoverytour.ar\/"},{"@type":"ListItem","position":2,"name":"Tus pr\u00f3ximas vacaciones con tu cr\u00e9dito Previaje"}]}]}},"_links":{"self":[{"href":"https:\/\/discoverytour.ar\/index.php?rest_route=\/wp\/v2\/pages\/2264"}],"collection":[{"href":"https:\/\/discoverytour.ar\/index.php?rest_route=\/wp\/v2\/pages"}],"about":[{"href":"https:\/\/discoverytour.ar\/index.php?rest_route=\/wp\/v2\/types\/page"}],"author":[{"embeddable":true,"href":"https:\/\/discoverytour.ar\/index.php?rest_route=\/wp\/v2\/users\/1"}],"replies":[{"embeddable":true,"href":"https:\/\/discoverytour.ar\/index.php?rest_route=%2Fwp%2Fv2%2Fcomments&post=2264"}],"version-history":[{"count":6,"href":"https:\/\/discoverytour.ar\/index.php?rest_route=\/wp\/v2\/pages\/2264\/revisions"}],"predecessor-version":[{"id":2274,"href":"https:\/\/discoverytour.ar\/index.php?rest_route=\/wp\/v2\/pages\/2264\/revisions\/2274"}],"wp:featuredmedia":[{"embeddable":true,"href":"https:\/\/discoverytour.ar\/index.php?rest_route=\/wp\/v2\/media\/2300"}],"wp:attachment":[{"href":"https:\/\/discoverytour.ar\/index.php?rest_route=%2Fwp%2Fv2%2Fmedia&parent=2264"}],"curies":[{"name":"wp","href":"https:\/\/api.w.org\/{rel}","templated":true}]}}