{"id":2275,"date":"2022-01-21T21:56:16","date_gmt":"2022-01-22T00:56:16","guid":{"rendered":"https:\/\/discoverytour.ar\/?page_id=2275"},"modified":"2022-01-21T22:31:21","modified_gmt":"2022-01-22T01:31:21","slug":"hoteles","status":"publish","type":"page","link":"https:\/\/discoverytour.ar\/?page_id=2275","title":{"rendered":"HOTELES"},"content":{"rendered":"\n<p>Reserv\u00e1 ONLINE el alojamiento en el lugar del mundo que desees!<\/p>\n\n\n\n<p><\/p>\n\n\n\n<p class=\"has-text-align-center has-background\" style=\"background-color:#e8e8e8;font-size:22px\"><strong><a href=\"https:\/\/operadora.ricaleonline.com\/es\/microsite\/discovery\" target=\"_blank\" rel=\"noreferrer noopener\">COTIZ\u00c1 Y\/O RESERVA TU ALOJAMIENTO HACIENDO CLICK AQUI<\/a><\/strong><\/p>\n\n\n\n<p><\/p>\n\n\n\n<p style=\"font-size:20px\"><strong>IMPORTANTE:<\/strong><\/p>\n\n\n\n<ol><li>En caso de realizar una reserva deber\u00e1s registrarte con tus datos b\u00e1sicos en el sitio.<\/li><li>Las tarifas listadas son en moneda D\u00d3LAR ESTADOUNIDENSE.<\/li><li>Las tarifas no incluyen IVA (aprox 4%), ni gastos administrativos (2,4%), los cuales incluiremos en la CONFIRMACI\u00d3N ESCRITA que te enviaremos a tu correo dentro de las 24 horas h\u00e1biles de realizar tu reserva.<\/li><li>No es necesario realices ning\u00fan pago parcial o total, se\u00f1a, etc. para poder reservar. Es un servicio gratuito.<\/li><li>En caso de que decidas abonar en PESOS ARGENTINOS, te indicaremos el tipo de cambio oficial del d\u00eda a aplicar, junto al adicional del IMPUESTO PAIS y la Res AFIP 4815\/20 que se adicionar\u00e1 por pagar en pesos un servicio del exterior de Argentina.<\/li><li>No se permiten reservar tarifas con pol\u00edtica de cancelaci\u00f3n NO REEMBOLSABLES. Para estos casos deber\u00e1s contactarnos a nuestra l\u00ednea de atenci\u00f3n.<\/li><\/ol>\n\n\n\n<p><\/p>\n\n\n\n<p><em>Por cualquier consulta o asesoramiento adicional no dudes en contactarnos por cualquiera de nuestros canales de contacto. Un asesor con gusto estar\u00e1 dispuesto a ayudarte!<\/em><\/p>\n","protected":false},"excerpt":{"rendered":"<p>Reserv\u00e1 ONLINE el alojamiento en el lugar del mundo que desees! COTIZ\u00c1 Y\/O RESERVA TU ALOJAMIENTO HACIENDO CLICK AQUI IMPORTANTE: En caso de realizar una&hellip;<\/p>\n","protected":false},"author":1,"featured_media":2276,"parent":0,"menu_order":0,"comment_status":"closed","ping_status":"closed","template":"","meta":[],"yoast_head":"<!-- This site is optimized with the Yoast SEO plugin v18.9 - https:\/\/yoast.com\/wordpress\/plugins\/seo\/ -->\n<title>HOTELES - Discovery Tour Argentina<\/title>\n<meta name=\"robots\" content=\"index, follow, max-snippet:-1, max-image-preview:large, max-video-preview:-1\" \/>\n<link rel=\"canonical\" href=\"https:\/\/discoverytour.ar\/?page_id=2275\" \/>\n<meta property=\"og:locale\" content=\"es_ES\" \/>\n<meta property=\"og:type\" content=\"article\" \/>\n<meta property=\"og:title\" content=\"HOTELES - Discovery Tour Argentina\" \/>\n<meta property=\"og:description\" content=\"Reserv\u00e1 ONLINE el alojamiento en el lugar del mundo que desees! COTIZ\u00c1 Y\/O RESERVA TU ALOJAMIENTO HACIENDO CLICK AQUI IMPORTANTE: En caso de realizar una&hellip;\" \/>\n<meta property=\"og:url\" content=\"https:\/\/discoverytour.ar\/?page_id=2275\" \/>\n<meta property=\"og:site_name\" content=\"Discovery Tour Argentina\" \/>\n<meta property=\"article:modified_time\" content=\"2022-01-22T01:31:21+00:00\" \/>\n<meta property=\"og:image\" content=\"https:\/\/discoverytour.ar\/wp-content\/uploads\/2022\/01\/banner-alojamiento.jpg\" \/>\n\t<meta property=\"og:image:width\" content=\"1436\" \/>\n\t<meta property=\"og:image:height\" content=\"718\" \/>\n\t<meta property=\"og:image:type\" content=\"image\/jpeg\" \/>\n<meta name=\"twitter:card\" content=\"summary_large_image\" \/>\n<meta name=\"twitter:label1\" content=\"Tiempo de lectura\" \/>\n\t<meta name=\"twitter:data1\" content=\"1 minuto\" \/>\n<script type=\"application\/ld+json\" class=\"yoast-schema-graph\">{\"@context\":\"https:\/\/schema.org\",\"@graph\":[{\"@type\":\"Organization\",\"@id\":\"https:\/\/discoverytour.ar\/#organization\",\"name\":\"Discovery Tour\",\"url\":\"https:\/\/discoverytour.ar\/\",\"sameAs\":[],\"logo\":{\"@type\":\"ImageObject\",\"inLanguage\":\"es-AR\",\"@id\":\"https:\/\/discoverytour.ar\/#\/schema\/logo\/image\/\",\"url\":\"https:\/\/discoverytour.ar\/wp-content\/uploads\/2020\/10\/imagen-5.png\",\"contentUrl\":\"https:\/\/discoverytour.ar\/wp-content\/uploads\/2020\/10\/imagen-5.png\",\"width\":423,\"height\":144,\"caption\":\"Discovery Tour\"},\"image\":{\"@id\":\"https:\/\/discoverytour.ar\/#\/schema\/logo\/image\/\"}},{\"@type\":\"WebSite\",\"@id\":\"https:\/\/discoverytour.ar\/#website\",\"url\":\"https:\/\/discoverytour.ar\/\",\"name\":\"Discovery Tour Argentina :: Viajes\",\"description\":\"Viajes, Turismo, Destinos, Viajeros, Argentina y el mundo\",\"publisher\":{\"@id\":\"https:\/\/discoverytour.ar\/#organization\"},\"potentialAction\":[{\"@type\":\"SearchAction\",\"target\":{\"@type\":\"EntryPoint\",\"urlTemplate\":\"https:\/\/discoverytour.ar\/?s={search_term_string}\"},\"query-input\":\"required name=search_term_string\"}],\"inLanguage\":\"es-AR\"},{\"@type\":\"ImageObject\",\"inLanguage\":\"es-AR\",\"@id\":\"https:\/\/discoverytour.ar\/?page_id=2275#primaryimage\",\"url\":\"https:\/\/discoverytour.ar\/wp-content\/uploads\/2022\/01\/banner-alojamiento.jpg\",\"contentUrl\":\"https:\/\/discoverytour.ar\/wp-content\/uploads\/2022\/01\/banner-alojamiento.jpg\",\"width\":1436,\"height\":718},{\"@type\":\"WebPage\",\"@id\":\"https:\/\/discoverytour.ar\/?page_id=2275#webpage\",\"url\":\"https:\/\/discoverytour.ar\/?page_id=2275\",\"name\":\"HOTELES - Discovery Tour Argentina\",\"isPartOf\":{\"@id\":\"https:\/\/discoverytour.ar\/#website\"},\"primaryImageOfPage\":{\"@id\":\"https:\/\/discoverytour.ar\/?page_id=2275#primaryimage\"},\"datePublished\":\"2022-01-22T00:56:16+00:00\",\"dateModified\":\"2022-01-22T01:31:21+00:00\",\"breadcrumb\":{\"@id\":\"https:\/\/discoverytour.ar\/?page_id=2275#breadcrumb\"},\"inLanguage\":\"es-AR\",\"potentialAction\":[{\"@type\":\"ReadAction\",\"target\":[\"https:\/\/discoverytour.ar\/?page_id=2275\"]}]},{\"@type\":\"BreadcrumbList\",\"@id\":\"https:\/\/discoverytour.ar\/?page_id=2275#breadcrumb\",\"itemListElement\":[{\"@type\":\"ListItem\",\"position\":1,\"name\":\"Home\",\"item\":\"https:\/\/discoverytour.ar\/\"},{\"@type\":\"ListItem\",\"position\":2,\"name\":\"HOTELES\"}]}]}<\/script>\n<!-- \/ Yoast SEO plugin. -->","yoast_head_json":{"title":"HOTELES - Discovery Tour Argentina","robots":{"index":"index","follow":"follow","max-snippet":"max-snippet:-1","max-image-preview":"max-image-preview:large","max-video-preview":"max-video-preview:-1"},"canonical":"https:\/\/discoverytour.ar\/?page_id=2275","og_locale":"es_ES","og_type":"article","og_title":"HOTELES - Discovery Tour Argentina","og_description":"Reserv\u00e1 ONLINE el alojamiento en el lugar del mundo que desees! COTIZ\u00c1 Y\/O RESERVA TU ALOJAMIENTO HACIENDO CLICK AQUI IMPORTANTE: En caso de realizar una&hellip;","og_url":"https:\/\/discoverytour.ar\/?page_id=2275","og_site_name":"Discovery Tour Argentina","article_modified_time":"2022-01-22T01:31:21+00:00","og_image":[{"width":1436,"height":718,"url":"https:\/\/discoverytour.ar\/wp-content\/uploads\/2022\/01\/banner-alojamiento.jpg","type":"image\/jpeg"}],"twitter_card":"summary_large_image","twitter_misc":{"Tiempo de lectura":"1 minuto"},"schema":{"@context":"https:\/\/schema.org","@graph":[{"@type":"Organization","@id":"https:\/\/discoverytour.ar\/#organization","name":"Discovery Tour","url":"https:\/\/discoverytour.ar\/","sameAs":[],"logo":{"@type":"ImageObject","inLanguage":"es-AR","@id":"https:\/\/discoverytour.ar\/#\/schema\/logo\/image\/","url":"https:\/\/discoverytour.ar\/wp-content\/uploads\/2020\/10\/imagen-5.png","contentUrl":"https:\/\/discoverytour.ar\/wp-content\/uploads\/2020\/10\/imagen-5.png","width":423,"height":144,"caption":"Discovery Tour"},"image":{"@id":"https:\/\/discoverytour.ar\/#\/schema\/logo\/image\/"}},{"@type":"WebSite","@id":"https:\/\/discoverytour.ar\/#website","url":"https:\/\/discoverytour.ar\/","name":"Discovery Tour Argentina :: Viajes","description":"Viajes, Turismo, Destinos, Viajeros, Argentina y el mundo","publisher":{"@id":"https:\/\/discoverytour.ar\/#organization"},"potentialAction":[{"@type":"SearchAction","target":{"@type":"EntryPoint","urlTemplate":"https:\/\/discoverytour.ar\/?s={search_term_string}"},"query-input":"required name=search_term_string"}],"inLanguage":"es-AR"},{"@type":"ImageObject","inLanguage":"es-AR","@id":"https:\/\/discoverytour.ar\/?page_id=2275#primaryimage","url":"https:\/\/discoverytour.ar\/wp-content\/uploads\/2022\/01\/banner-alojamiento.jpg","contentUrl":"https:\/\/discoverytour.ar\/wp-content\/uploads\/2022\/01\/banner-alojamiento.jpg","width":1436,"height":718},{"@type":"WebPage","@id":"https:\/\/discoverytour.ar\/?page_id=2275#webpage","url":"https:\/\/discoverytour.ar\/?page_id=2275","name":"HOTELES - Discovery Tour Argentina","isPartOf":{"@id":"https:\/\/discoverytour.ar\/#website"},"primaryImageOfPage":{"@id":"https:\/\/discoverytour.ar\/?page_id=2275#primaryimage"},"datePublished":"2022-01-22T00:56:16+00:00","dateModified":"2022-01-22T01:31:21+00:00","breadcrumb":{"@id":"https:\/\/discoverytour.ar\/?page_id=2275#breadcrumb"},"inLanguage":"es-AR","potentialAction":[{"@type":"ReadAction","target":["https:\/\/discoverytour.ar\/?page_id=2275"]}]},{"@type":"BreadcrumbList","@id":"https:\/\/discoverytour.ar\/?page_id=2275#breadcrumb","itemListElement":[{"@type":"ListItem","position":1,"name":"Home","item":"https:\/\/discoverytour.ar\/"},{"@type":"ListItem","position":2,"name":"HOTELES"}]}]}},"_links":{"self":[{"href":"https:\/\/discoverytour.ar\/index.php?rest_route=\/wp\/v2\/pages\/2275"}],"collection":[{"href":"https:\/\/discoverytour.ar\/index.php?rest_route=\/wp\/v2\/pages"}],"about":[{"href":"https:\/\/discoverytour.ar\/index.php?rest_route=\/wp\/v2\/types\/page"}],"author":[{"embeddable":true,"href":"https:\/\/discoverytour.ar\/index.php?rest_route=\/wp\/v2\/users\/1"}],"replies":[{"embeddable":true,"href":"https:\/\/discoverytour.ar\/index.php?rest_route=%2Fwp%2Fv2%2Fcomments&post=2275"}],"version-history":[{"count":7,"href":"https:\/\/discoverytour.ar\/index.php?rest_route=\/wp\/v2\/pages\/2275\/revisions"}],"predecessor-version":[{"id":2287,"href":"https:\/\/discoverytour.ar\/index.php?rest_route=\/wp\/v2\/pages\/2275\/revisions\/2287"}],"wp:featuredmedia":[{"embeddable":true,"href":"https:\/\/discoverytour.ar\/index.php?rest_route=\/wp\/v2\/media\/2276"}],"wp:attachment":[{"href":"https:\/\/discoverytour.ar\/index.php?rest_route=%2Fwp%2Fv2%2Fmedia&parent=2275"}],"curies":[{"name":"wp","href":"https:\/\/api.w.org\/{rel}","templated":true}]}}