{"id":2288,"date":"2022-01-22T00:44:29","date_gmt":"2022-01-22T03:44:29","guid":{"rendered":"https:\/\/discoverytour.ar\/?page_id=2288"},"modified":"2022-01-22T00:44:30","modified_gmt":"2022-01-22T03:44:30","slug":"viaja-seguro","status":"publish","type":"page","link":"https:\/\/discoverytour.ar\/?page_id=2288","title":{"rendered":"Viaj\u00e1 SEGURO"},"content":{"rendered":"\n<p style=\"font-size:24px\">En estos tiempos m\u00e1s que nunca es necesario viajar con la mejor cobertura de Asistencia al Viajero.<\/p>\n\n\n\n<p>En Discovery Tour comercializamos la m\u00e1s amplia variedad de empresas aseguradoras y tipos de planes para poder ofrecerte la alternativa que m\u00e1s se adapte a tu viaje y grupo familiar. Sea para un viaje dentro del pa\u00eds o internacional.<\/p>\n\n\n\n<p>Te informamos que muchos pa\u00edses (como Argentina, Chile, Uni\u00f3n Europea) exigen como requisito obligatorio contar con un seguro de Asistencia al Viajero para poder ingresar, y en algunos casos con topes m\u00ednimos de cobertura. Consult\u00e1 con uno de nuestros asesores, y te informaremos al respecto!<\/p>\n\n\n\n<p><a href=\"https:\/\/forms.gle\/Wgh5G6TqqUoxnQ2W7\">SOLICIT\u00c1 AQU\u00cd<\/a> tu cotizaci\u00f3n de tu Seguro M\u00e9dico al Viajero y te enviaremos por email las mejores alternativas que se adapten a tu viaje.<\/p>\n\n\n\n<p><\/p>\n\n\n\n<p><strong>Promociones de Enero 2021<\/strong>* (viajes internacionales)<\/p>\n\n\n\n<figure class=\"wp-block-table\"><table><tbody><tr><td><strong>Cantidad de dias<\/strong><br>de Cobertura<\/td><td><strong><strong>Opci\u00f3n ECON\u00d3MICA<\/strong><br><strong>Plan International<\/strong><\/strong><\/td><td><strong>Opci\u00f3n PLUS<\/strong><br><strong>Plan Orange<\/strong><\/td><\/tr><tr><td><strong>7 d\u00edas<\/strong><\/td><td><strong>&#8211;<\/strong><\/td><td>USD 35 \/ AR$ 3.800<\/td><\/tr><tr><td><strong>15 d\u00edas<\/strong><\/td><td>USD 46 \/ AR$ 5.000<\/td><td>USD 73 \/ AR$ 8.000<\/td><\/tr><tr><td><strong>21 d\u00edas<\/strong><\/td><td>USD 64 \/ AR$ 7.000<\/td><td>USD 101 \/ AR$ 11.000<\/td><\/tr><tr><td><strong>30 d\u00edas<\/strong><\/td><td>USD 91 \/ AR$ 9.900<\/td><td>USD 147 \/ AR$ 16.000<\/td><\/tr><\/tbody><\/table><\/figure>\n\n\n\n<p>* V\u00e1lidas para pasajeros menores a 75 a\u00f1os. Incluyen Asistencia COVID-19. Sujetos a modificaci\u00f3n.<\/p>\n\n\n\n<p><strong>Tipo de cambio USD \/ ARS = 109 (Sujeto a modificaci\u00f3n al momento de la compra)<\/strong><\/p>\n\n\n\n<p><\/p>\n\n\n\n<p>Consult\u00e1 promociones de seguros aplicables pagando con tarjetas de cr\u00e9dito de:<\/p>\n\n\n\n<figure class=\"wp-block-image size-full is-resized\"><img decoding=\"async\" loading=\"lazy\" src=\"https:\/\/discoverytour.ar\/wp-content\/uploads\/2022\/01\/image-1.png\" alt=\"\" class=\"wp-image-2292\" width=\"216\" height=\"69\" srcset=\"https:\/\/discoverytour.ar\/wp-content\/uploads\/2022\/01\/image-1.png 398w, https:\/\/discoverytour.ar\/wp-content\/uploads\/2022\/01\/image-1-300x96.png 300w\" sizes=\"(max-width: 216px) 100vw, 216px\" \/><\/figure>\n","protected":false},"excerpt":{"rendered":"<p>En estos tiempos m\u00e1s que nunca es necesario viajar con la mejor cobertura de Asistencia al Viajero. En Discovery Tour comercializamos la m\u00e1s amplia variedad&hellip;<\/p>\n","protected":false},"author":1,"featured_media":2289,"parent":0,"menu_order":0,"comment_status":"closed","ping_status":"closed","template":"","meta":[],"yoast_head":"<!-- This site is optimized with the Yoast SEO plugin v18.9 - https:\/\/yoast.com\/wordpress\/plugins\/seo\/ -->\n<title>Viaj\u00e1 SEGURO - Discovery Tour Argentina<\/title>\n<meta name=\"robots\" content=\"index, follow, max-snippet:-1, max-image-preview:large, max-video-preview:-1\" \/>\n<link rel=\"canonical\" href=\"https:\/\/discoverytour.ar\/?page_id=2288\" \/>\n<meta property=\"og:locale\" content=\"es_ES\" \/>\n<meta property=\"og:type\" content=\"article\" \/>\n<meta property=\"og:title\" content=\"Viaj\u00e1 SEGURO - Discovery Tour Argentina\" \/>\n<meta property=\"og:description\" content=\"En estos tiempos m\u00e1s que nunca es necesario viajar con la mejor cobertura de Asistencia al Viajero. En Discovery Tour comercializamos la m\u00e1s amplia variedad&hellip;\" \/>\n<meta property=\"og:url\" content=\"https:\/\/discoverytour.ar\/?page_id=2288\" \/>\n<meta property=\"og:site_name\" content=\"Discovery Tour Argentina\" \/>\n<meta property=\"article:modified_time\" content=\"2022-01-22T03:44:30+00:00\" \/>\n<meta property=\"og:image\" content=\"https:\/\/discoverytour.ar\/wp-content\/uploads\/2022\/01\/banner-asistencia.jpg\" \/>\n\t<meta property=\"og:image:width\" content=\"1436\" \/>\n\t<meta property=\"og:image:height\" content=\"718\" \/>\n\t<meta property=\"og:image:type\" content=\"image\/jpeg\" \/>\n<meta name=\"twitter:card\" content=\"summary_large_image\" \/>\n<meta name=\"twitter:label1\" content=\"Tiempo de lectura\" \/>\n\t<meta name=\"twitter:data1\" content=\"2 minutos\" \/>\n<script type=\"application\/ld+json\" class=\"yoast-schema-graph\">{\"@context\":\"https:\/\/schema.org\",\"@graph\":[{\"@type\":\"Organization\",\"@id\":\"https:\/\/discoverytour.ar\/#organization\",\"name\":\"Discovery Tour\",\"url\":\"https:\/\/discoverytour.ar\/\",\"sameAs\":[],\"logo\":{\"@type\":\"ImageObject\",\"inLanguage\":\"es-AR\",\"@id\":\"https:\/\/discoverytour.ar\/#\/schema\/logo\/image\/\",\"url\":\"https:\/\/discoverytour.ar\/wp-content\/uploads\/2020\/10\/imagen-5.png\",\"contentUrl\":\"https:\/\/discoverytour.ar\/wp-content\/uploads\/2020\/10\/imagen-5.png\",\"width\":423,\"height\":144,\"caption\":\"Discovery Tour\"},\"image\":{\"@id\":\"https:\/\/discoverytour.ar\/#\/schema\/logo\/image\/\"}},{\"@type\":\"WebSite\",\"@id\":\"https:\/\/discoverytour.ar\/#website\",\"url\":\"https:\/\/discoverytour.ar\/\",\"name\":\"Discovery Tour Argentina :: Viajes\",\"description\":\"Viajes, Turismo, Destinos, Viajeros, Argentina y el mundo\",\"publisher\":{\"@id\":\"https:\/\/discoverytour.ar\/#organization\"},\"potentialAction\":[{\"@type\":\"SearchAction\",\"target\":{\"@type\":\"EntryPoint\",\"urlTemplate\":\"https:\/\/discoverytour.ar\/?s={search_term_string}\"},\"query-input\":\"required name=search_term_string\"}],\"inLanguage\":\"es-AR\"},{\"@type\":\"ImageObject\",\"inLanguage\":\"es-AR\",\"@id\":\"https:\/\/discoverytour.ar\/?page_id=2288#primaryimage\",\"url\":\"https:\/\/discoverytour.ar\/wp-content\/uploads\/2022\/01\/banner-asistencia.jpg\",\"contentUrl\":\"https:\/\/discoverytour.ar\/wp-content\/uploads\/2022\/01\/banner-asistencia.jpg\",\"width\":1436,\"height\":718},{\"@type\":\"WebPage\",\"@id\":\"https:\/\/discoverytour.ar\/?page_id=2288#webpage\",\"url\":\"https:\/\/discoverytour.ar\/?page_id=2288\",\"name\":\"Viaj\u00e1 SEGURO - Discovery Tour Argentina\",\"isPartOf\":{\"@id\":\"https:\/\/discoverytour.ar\/#website\"},\"primaryImageOfPage\":{\"@id\":\"https:\/\/discoverytour.ar\/?page_id=2288#primaryimage\"},\"datePublished\":\"2022-01-22T03:44:29+00:00\",\"dateModified\":\"2022-01-22T03:44:30+00:00\",\"breadcrumb\":{\"@id\":\"https:\/\/discoverytour.ar\/?page_id=2288#breadcrumb\"},\"inLanguage\":\"es-AR\",\"potentialAction\":[{\"@type\":\"ReadAction\",\"target\":[\"https:\/\/discoverytour.ar\/?page_id=2288\"]}]},{\"@type\":\"BreadcrumbList\",\"@id\":\"https:\/\/discoverytour.ar\/?page_id=2288#breadcrumb\",\"itemListElement\":[{\"@type\":\"ListItem\",\"position\":1,\"name\":\"Home\",\"item\":\"https:\/\/discoverytour.ar\/\"},{\"@type\":\"ListItem\",\"position\":2,\"name\":\"Viaj\u00e1 SEGURO\"}]}]}<\/script>\n<!-- \/ Yoast SEO plugin. -->","yoast_head_json":{"title":"Viaj\u00e1 SEGURO - Discovery Tour Argentina","robots":{"index":"index","follow":"follow","max-snippet":"max-snippet:-1","max-image-preview":"max-image-preview:large","max-video-preview":"max-video-preview:-1"},"canonical":"https:\/\/discoverytour.ar\/?page_id=2288","og_locale":"es_ES","og_type":"article","og_title":"Viaj\u00e1 SEGURO - Discovery Tour Argentina","og_description":"En estos tiempos m\u00e1s que nunca es necesario viajar con la mejor cobertura de Asistencia al Viajero. En Discovery Tour comercializamos la m\u00e1s amplia variedad&hellip;","og_url":"https:\/\/discoverytour.ar\/?page_id=2288","og_site_name":"Discovery Tour Argentina","article_modified_time":"2022-01-22T03:44:30+00:00","og_image":[{"width":1436,"height":718,"url":"https:\/\/discoverytour.ar\/wp-content\/uploads\/2022\/01\/banner-asistencia.jpg","type":"image\/jpeg"}],"twitter_card":"summary_large_image","twitter_misc":{"Tiempo de lectura":"2 minutos"},"schema":{"@context":"https:\/\/schema.org","@graph":[{"@type":"Organization","@id":"https:\/\/discoverytour.ar\/#organization","name":"Discovery Tour","url":"https:\/\/discoverytour.ar\/","sameAs":[],"logo":{"@type":"ImageObject","inLanguage":"es-AR","@id":"https:\/\/discoverytour.ar\/#\/schema\/logo\/image\/","url":"https:\/\/discoverytour.ar\/wp-content\/uploads\/2020\/10\/imagen-5.png","contentUrl":"https:\/\/discoverytour.ar\/wp-content\/uploads\/2020\/10\/imagen-5.png","width":423,"height":144,"caption":"Discovery Tour"},"image":{"@id":"https:\/\/discoverytour.ar\/#\/schema\/logo\/image\/"}},{"@type":"WebSite","@id":"https:\/\/discoverytour.ar\/#website","url":"https:\/\/discoverytour.ar\/","name":"Discovery Tour Argentina :: Viajes","description":"Viajes, Turismo, Destinos, Viajeros, Argentina y el mundo","publisher":{"@id":"https:\/\/discoverytour.ar\/#organization"},"potentialAction":[{"@type":"SearchAction","target":{"@type":"EntryPoint","urlTemplate":"https:\/\/discoverytour.ar\/?s={search_term_string}"},"query-input":"required name=search_term_string"}],"inLanguage":"es-AR"},{"@type":"ImageObject","inLanguage":"es-AR","@id":"https:\/\/discoverytour.ar\/?page_id=2288#primaryimage","url":"https:\/\/discoverytour.ar\/wp-content\/uploads\/2022\/01\/banner-asistencia.jpg","contentUrl":"https:\/\/discoverytour.ar\/wp-content\/uploads\/2022\/01\/banner-asistencia.jpg","width":1436,"height":718},{"@type":"WebPage","@id":"https:\/\/discoverytour.ar\/?page_id=2288#webpage","url":"https:\/\/discoverytour.ar\/?page_id=2288","name":"Viaj\u00e1 SEGURO - Discovery Tour Argentina","isPartOf":{"@id":"https:\/\/discoverytour.ar\/#website"},"primaryImageOfPage":{"@id":"https:\/\/discoverytour.ar\/?page_id=2288#primaryimage"},"datePublished":"2022-01-22T03:44:29+00:00","dateModified":"2022-01-22T03:44:30+00:00","breadcrumb":{"@id":"https:\/\/discoverytour.ar\/?page_id=2288#breadcrumb"},"inLanguage":"es-AR","potentialAction":[{"@type":"ReadAction","target":["https:\/\/discoverytour.ar\/?page_id=2288"]}]},{"@type":"BreadcrumbList","@id":"https:\/\/discoverytour.ar\/?page_id=2288#breadcrumb","itemListElement":[{"@type":"ListItem","position":1,"name":"Home","item":"https:\/\/discoverytour.ar\/"},{"@type":"ListItem","position":2,"name":"Viaj\u00e1 SEGURO"}]}]}},"_links":{"self":[{"href":"https:\/\/discoverytour.ar\/index.php?rest_route=\/wp\/v2\/pages\/2288"}],"collection":[{"href":"https:\/\/discoverytour.ar\/index.php?rest_route=\/wp\/v2\/pages"}],"about":[{"href":"https:\/\/discoverytour.ar\/index.php?rest_route=\/wp\/v2\/types\/page"}],"author":[{"embeddable":true,"href":"https:\/\/discoverytour.ar\/index.php?rest_route=\/wp\/v2\/users\/1"}],"replies":[{"embeddable":true,"href":"https:\/\/discoverytour.ar\/index.php?rest_route=%2Fwp%2Fv2%2Fcomments&post=2288"}],"version-history":[{"count":4,"href":"https:\/\/discoverytour.ar\/index.php?rest_route=\/wp\/v2\/pages\/2288\/revisions"}],"predecessor-version":[{"id":2294,"href":"https:\/\/discoverytour.ar\/index.php?rest_route=\/wp\/v2\/pages\/2288\/revisions\/2294"}],"wp:featuredmedia":[{"embeddable":true,"href":"https:\/\/discoverytour.ar\/index.php?rest_route=\/wp\/v2\/media\/2289"}],"wp:attachment":[{"href":"https:\/\/discoverytour.ar\/index.php?rest_route=%2Fwp%2Fv2%2Fmedia&parent=2288"}],"curies":[{"name":"wp","href":"https:\/\/api.w.org\/{rel}","templated":true}]}}