{"id":232,"date":"2019-08-26T05:59:09","date_gmt":"2019-08-26T05:59:09","guid":{"rendered":"https:\/\/themepalacedemo.com\/tourist\/?page_id=232"},"modified":"2022-01-22T15:01:41","modified_gmt":"2022-01-22T18:01:41","slug":"great-wall","status":"publish","type":"page","link":"https:\/\/discoverytour.ar\/?page_id=232","title":{"rendered":"Viaja por Argentina en cuotas!"},"content":{"rendered":"<h3>Con Discovery Tour te acercamos todas las opciones de pago para tu viaje!<\/h3>\n<h4>\u00a0<\/h4>\n<h4 style=\"text-align: right;\"><span style=\"color: #333399;\"><strong>Turismo en Argentina<\/strong><\/span><\/h4>\n<p><img decoding=\"async\" loading=\"lazy\" class=\"\" src=\"https:\/\/encrypted-tbn0.gstatic.com\/images?q=tbn:ANd9GcRomaatUHVSMnd1cDkPOdBBj3TcoasuzSrsp35qWecy7UkxcF-TfCJmwaEJYNonOk-zSYI&amp;usqp=CAU\" alt=\"Aerol\u00edneas Argentinas\" width=\"62\" height=\"126\" \/>\u00a0 \u00a0 \u00a0 \u00a0<img decoding=\"async\" loading=\"lazy\" class=\"alignnone wp-image-1574 size-full\" src=\"https:\/\/discoverytour.ar\/wp-content\/uploads\/2021\/04\/ahora12-nuevo.png\" alt=\"\" width=\"200\" height=\"190\" \/><\/p>\n<p>Pag\u00e1 en 6, 12 y 18 cuotas fijas a cualquier destino del pa\u00eds con los planes AHORA <strong>comprando hasta el 31\/01\/2022<\/strong>.\u00a0 Aplica para: servicios y\/o productos a ser prestados \u00edntegramente dentro del Territorio Nacional: pasajes de \u00f3mnibus de larga distancia, pasajes a\u00e9reos, hoteles y otros alojamientos tur\u00edsticos habilitados por el organismo provincial competente, paquetes tur\u00edsticos, autos de alquiler, excursiones y actividades recreativas, y productos regionales, para las adquisiciones y\/o contrataciones que tengan lugar cualquier d\u00eda de la semana.<\/p>\n<p>Para m\u00e1s informaci\u00f3n <a href=\"https:\/\/www.argentina.gob.ar\/ahora-12\">consult\u00e1 aqu\u00ed<\/a>!<\/p>\n<p><img decoding=\"async\" loading=\"lazy\" class=\"alignnone  wp-image-1378\" src=\"https:\/\/discoverytour.ar\/wp-content\/uploads\/2021\/02\/visa-300x110.png\" alt=\"\" width=\"128\" height=\"47\" srcset=\"https:\/\/discoverytour.ar\/wp-content\/uploads\/2021\/02\/visa-300x110.png 300w, https:\/\/discoverytour.ar\/wp-content\/uploads\/2021\/02\/visa-768x282.png 768w, https:\/\/discoverytour.ar\/wp-content\/uploads\/2021\/02\/visa.png 791w\" sizes=\"(max-width: 128px) 100vw, 128px\" \/>\u00a0 \u00a0 \u00a0 \u00a0 \u00a0 \u00a0 \u00a0<img decoding=\"async\" loading=\"lazy\" class=\"alignnone  wp-image-1379\" src=\"https:\/\/discoverytour.ar\/wp-content\/uploads\/2021\/02\/mastercard.png\" alt=\"\" width=\"87\" height=\"67\" \/>\u00a0 \u00a0 \u00a0 \u00a0 \u00a0 \u00a0 \u00a0 <img decoding=\"async\" loading=\"lazy\" class=\"alignnone  wp-image-1380\" src=\"https:\/\/discoverytour.ar\/wp-content\/uploads\/2021\/02\/amex.png\" alt=\"\" width=\"86\" height=\"86\" srcset=\"https:\/\/discoverytour.ar\/wp-content\/uploads\/2021\/02\/amex.png 300w, https:\/\/discoverytour.ar\/wp-content\/uploads\/2021\/02\/amex-150x150.png 150w\" sizes=\"(max-width: 86px) 100vw, 86px\" \/><\/p>\n<p>\u00a0<\/p>\n<hr \/>\n<h4 style=\"text-align: right;\"><span style=\"color: #333399;\"><strong>Turismo en Argentina y al Exterior<\/strong><\/span><\/h4>\n<p>Aceptamos:<\/p>\n<ul>\n<li>Todas las tarjetas de d\u00e9bito<\/li>\n<li>Transferencia bancaria o dep\u00f3sitos en pesos argentinos, d\u00f3lares o euros.<\/li>\n<li>Tarjetas de cr\u00e9dito: VISA, MASTERCARD, CABAL, NARANJA, AMERICAN EXPRESS.<\/li>\n<li>Y adem\u00e1s:<\/li>\n<\/ul>\n<p><img decoding=\"async\" loading=\"lazy\" class=\"alignnone  wp-image-1381\" src=\"https:\/\/discoverytour.ar\/wp-content\/uploads\/2021\/02\/mercadopago.png\" alt=\"\" width=\"132\" height=\"122\" \/><\/p>\n<p>Pag\u00e1 con todas las alternativas de pago que la plataforma l\u00edder te ofrece.<br \/>Adem\u00e1s pod\u00e9s aprovechar cualquier de sus opciones de pago con cuotas sin inter\u00e9s!<\/p>\n<p><img decoding=\"async\" loading=\"lazy\" class=\"wp-image-1679  aligncenter\" src=\"https:\/\/discoverytour.ar\/wp-content\/uploads\/2021\/07\/cuotas_mercadolibre-300x237.png\" alt=\"\" width=\"416\" height=\"329\" srcset=\"https:\/\/discoverytour.ar\/wp-content\/uploads\/2021\/07\/cuotas_mercadolibre-300x237.png 300w, https:\/\/discoverytour.ar\/wp-content\/uploads\/2021\/07\/cuotas_mercadolibre.png 680w\" sizes=\"(max-width: 416px) 100vw, 416px\" \/><\/p>\n<p style=\"text-align: center;\"><a href=\"https:\/\/www.mercadopago.com.ar\/cuotas\">Consult\u00e1 promociones vigentes aqu\u00ed.<\/a><\/p>\n<p>\u00a0<\/p>\n<hr \/>\n<h4 style=\"text-align: right;\"><span style=\"color: #333399;\"><strong>Boletos a\u00e9reos nacionales<\/strong><\/span><\/h4>\n<p>Consultanos todas las alternativas de financiaci\u00f3n vigentes en cuotas con y sin inter\u00e9s de todas las c\u00edas a\u00e9reas y eleg\u00ed tu mejor opci\u00f3n!<\/p>\n<h4 style=\"text-align: right;\"><span style=\"color: #333399;\"><strong>Boletos a\u00e9reos internacionales<\/strong><\/span><\/h4>\n<p>Por las nuevas medidas del B.C.R.A. los mismos pueden abonarse con efectivo* o dep\u00f3sito*, cheques al d\u00eda, transferencia bancaria o tarjetas de cr\u00e9dito en 1 pago (o combinaciones de formas de pago).\u00a0<\/p>\n<p>* Aplica impuesto 5% AFIP.<\/p>\n<p>Por m\u00e1s info <a href=\"https:\/\/discoverytour.ar\/?page_id=296\">consultanos aqu\u00ed!<\/a><\/p>\n\n\n<p><\/p>\n","protected":false},"excerpt":{"rendered":"<p>Con Discovery Tour te acercamos todas las opciones de pago para tu viaje! \u00a0 Turismo en Argentina \u00a0 \u00a0 \u00a0 \u00a0 Pag\u00e1 en 6, 12&hellip;<\/p>\n","protected":false},"author":2,"featured_media":2296,"parent":0,"menu_order":0,"comment_status":"closed","ping_status":"closed","template":"","meta":[],"yoast_head":"<!-- This site is optimized with the Yoast SEO plugin v18.9 - https:\/\/yoast.com\/wordpress\/plugins\/seo\/ -->\n<title>Viaja por Argentina en cuotas! - Discovery Tour Argentina<\/title>\n<meta name=\"robots\" content=\"index, follow, max-snippet:-1, max-image-preview:large, max-video-preview:-1\" \/>\n<link rel=\"canonical\" href=\"https:\/\/discoverytour.ar\/?page_id=232\" \/>\n<meta property=\"og:locale\" content=\"es_ES\" \/>\n<meta property=\"og:type\" content=\"article\" \/>\n<meta property=\"og:title\" content=\"Viaja por Argentina en cuotas! - Discovery Tour Argentina\" \/>\n<meta property=\"og:description\" content=\"Con Discovery Tour te acercamos todas las opciones de pago para tu viaje! \u00a0 Turismo en Argentina \u00a0 \u00a0 \u00a0 \u00a0 Pag\u00e1 en 6, 12&hellip;\" \/>\n<meta property=\"og:url\" content=\"https:\/\/discoverytour.ar\/?page_id=232\" \/>\n<meta property=\"og:site_name\" content=\"Discovery Tour Argentina\" \/>\n<meta property=\"article:modified_time\" content=\"2022-01-22T18:01:41+00:00\" \/>\n<meta property=\"og:image\" content=\"https:\/\/discoverytour.ar\/wp-content\/uploads\/2022\/01\/banner-argentina-12cuotas-3.jpg\" \/>\n\t<meta property=\"og:image:width\" content=\"1739\" \/>\n\t<meta property=\"og:image:height\" content=\"983\" \/>\n\t<meta property=\"og:image:type\" content=\"image\/jpeg\" \/>\n<meta name=\"twitter:card\" content=\"summary_large_image\" \/>\n<meta name=\"twitter:label1\" content=\"Tiempo de lectura\" \/>\n\t<meta name=\"twitter:data1\" content=\"3 minutos\" \/>\n<script type=\"application\/ld+json\" class=\"yoast-schema-graph\">{\"@context\":\"https:\/\/schema.org\",\"@graph\":[{\"@type\":\"Organization\",\"@id\":\"https:\/\/discoverytour.ar\/#organization\",\"name\":\"Discovery Tour\",\"url\":\"https:\/\/discoverytour.ar\/\",\"sameAs\":[],\"logo\":{\"@type\":\"ImageObject\",\"inLanguage\":\"es-AR\",\"@id\":\"https:\/\/discoverytour.ar\/#\/schema\/logo\/image\/\",\"url\":\"https:\/\/discoverytour.ar\/wp-content\/uploads\/2020\/10\/imagen-5.png\",\"contentUrl\":\"https:\/\/discoverytour.ar\/wp-content\/uploads\/2020\/10\/imagen-5.png\",\"width\":423,\"height\":144,\"caption\":\"Discovery Tour\"},\"image\":{\"@id\":\"https:\/\/discoverytour.ar\/#\/schema\/logo\/image\/\"}},{\"@type\":\"WebSite\",\"@id\":\"https:\/\/discoverytour.ar\/#website\",\"url\":\"https:\/\/discoverytour.ar\/\",\"name\":\"Discovery Tour Argentina :: Viajes\",\"description\":\"Viajes, Turismo, Destinos, Viajeros, Argentina y el mundo\",\"publisher\":{\"@id\":\"https:\/\/discoverytour.ar\/#organization\"},\"potentialAction\":[{\"@type\":\"SearchAction\",\"target\":{\"@type\":\"EntryPoint\",\"urlTemplate\":\"https:\/\/discoverytour.ar\/?s={search_term_string}\"},\"query-input\":\"required name=search_term_string\"}],\"inLanguage\":\"es-AR\"},{\"@type\":\"ImageObject\",\"inLanguage\":\"es-AR\",\"@id\":\"https:\/\/discoverytour.ar\/?page_id=232#primaryimage\",\"url\":\"https:\/\/discoverytour.ar\/wp-content\/uploads\/2022\/01\/banner-argentina-12cuotas-3.jpg\",\"contentUrl\":\"https:\/\/discoverytour.ar\/wp-content\/uploads\/2022\/01\/banner-argentina-12cuotas-3.jpg\",\"width\":1739,\"height\":983},{\"@type\":\"WebPage\",\"@id\":\"https:\/\/discoverytour.ar\/?page_id=232#webpage\",\"url\":\"https:\/\/discoverytour.ar\/?page_id=232\",\"name\":\"Viaja por Argentina en cuotas! - Discovery Tour Argentina\",\"isPartOf\":{\"@id\":\"https:\/\/discoverytour.ar\/#website\"},\"primaryImageOfPage\":{\"@id\":\"https:\/\/discoverytour.ar\/?page_id=232#primaryimage\"},\"datePublished\":\"2019-08-26T05:59:09+00:00\",\"dateModified\":\"2022-01-22T18:01:41+00:00\",\"breadcrumb\":{\"@id\":\"https:\/\/discoverytour.ar\/?page_id=232#breadcrumb\"},\"inLanguage\":\"es-AR\",\"potentialAction\":[{\"@type\":\"ReadAction\",\"target\":[\"https:\/\/discoverytour.ar\/?page_id=232\"]}]},{\"@type\":\"BreadcrumbList\",\"@id\":\"https:\/\/discoverytour.ar\/?page_id=232#breadcrumb\",\"itemListElement\":[{\"@type\":\"ListItem\",\"position\":1,\"name\":\"Home\",\"item\":\"https:\/\/discoverytour.ar\/\"},{\"@type\":\"ListItem\",\"position\":2,\"name\":\"Viaja por Argentina en cuotas!\"}]}]}<\/script>\n<!-- \/ Yoast SEO plugin. -->","yoast_head_json":{"title":"Viaja por Argentina en cuotas! - Discovery Tour Argentina","robots":{"index":"index","follow":"follow","max-snippet":"max-snippet:-1","max-image-preview":"max-image-preview:large","max-video-preview":"max-video-preview:-1"},"canonical":"https:\/\/discoverytour.ar\/?page_id=232","og_locale":"es_ES","og_type":"article","og_title":"Viaja por Argentina en cuotas! - Discovery Tour Argentina","og_description":"Con Discovery Tour te acercamos todas las opciones de pago para tu viaje! \u00a0 Turismo en Argentina \u00a0 \u00a0 \u00a0 \u00a0 Pag\u00e1 en 6, 12&hellip;","og_url":"https:\/\/discoverytour.ar\/?page_id=232","og_site_name":"Discovery Tour Argentina","article_modified_time":"2022-01-22T18:01:41+00:00","og_image":[{"width":1739,"height":983,"url":"https:\/\/discoverytour.ar\/wp-content\/uploads\/2022\/01\/banner-argentina-12cuotas-3.jpg","type":"image\/jpeg"}],"twitter_card":"summary_large_image","twitter_misc":{"Tiempo de lectura":"3 minutos"},"schema":{"@context":"https:\/\/schema.org","@graph":[{"@type":"Organization","@id":"https:\/\/discoverytour.ar\/#organization","name":"Discovery Tour","url":"https:\/\/discoverytour.ar\/","sameAs":[],"logo":{"@type":"ImageObject","inLanguage":"es-AR","@id":"https:\/\/discoverytour.ar\/#\/schema\/logo\/image\/","url":"https:\/\/discoverytour.ar\/wp-content\/uploads\/2020\/10\/imagen-5.png","contentUrl":"https:\/\/discoverytour.ar\/wp-content\/uploads\/2020\/10\/imagen-5.png","width":423,"height":144,"caption":"Discovery Tour"},"image":{"@id":"https:\/\/discoverytour.ar\/#\/schema\/logo\/image\/"}},{"@type":"WebSite","@id":"https:\/\/discoverytour.ar\/#website","url":"https:\/\/discoverytour.ar\/","name":"Discovery Tour Argentina :: Viajes","description":"Viajes, Turismo, Destinos, Viajeros, Argentina y el mundo","publisher":{"@id":"https:\/\/discoverytour.ar\/#organization"},"potentialAction":[{"@type":"SearchAction","target":{"@type":"EntryPoint","urlTemplate":"https:\/\/discoverytour.ar\/?s={search_term_string}"},"query-input":"required name=search_term_string"}],"inLanguage":"es-AR"},{"@type":"ImageObject","inLanguage":"es-AR","@id":"https:\/\/discoverytour.ar\/?page_id=232#primaryimage","url":"https:\/\/discoverytour.ar\/wp-content\/uploads\/2022\/01\/banner-argentina-12cuotas-3.jpg","contentUrl":"https:\/\/discoverytour.ar\/wp-content\/uploads\/2022\/01\/banner-argentina-12cuotas-3.jpg","width":1739,"height":983},{"@type":"WebPage","@id":"https:\/\/discoverytour.ar\/?page_id=232#webpage","url":"https:\/\/discoverytour.ar\/?page_id=232","name":"Viaja por Argentina en cuotas! - Discovery Tour Argentina","isPartOf":{"@id":"https:\/\/discoverytour.ar\/#website"},"primaryImageOfPage":{"@id":"https:\/\/discoverytour.ar\/?page_id=232#primaryimage"},"datePublished":"2019-08-26T05:59:09+00:00","dateModified":"2022-01-22T18:01:41+00:00","breadcrumb":{"@id":"https:\/\/discoverytour.ar\/?page_id=232#breadcrumb"},"inLanguage":"es-AR","potentialAction":[{"@type":"ReadAction","target":["https:\/\/discoverytour.ar\/?page_id=232"]}]},{"@type":"BreadcrumbList","@id":"https:\/\/discoverytour.ar\/?page_id=232#breadcrumb","itemListElement":[{"@type":"ListItem","position":1,"name":"Home","item":"https:\/\/discoverytour.ar\/"},{"@type":"ListItem","position":2,"name":"Viaja por Argentina en cuotas!"}]}]}},"_links":{"self":[{"href":"https:\/\/discoverytour.ar\/index.php?rest_route=\/wp\/v2\/pages\/232"}],"collection":[{"href":"https:\/\/discoverytour.ar\/index.php?rest_route=\/wp\/v2\/pages"}],"about":[{"href":"https:\/\/discoverytour.ar\/index.php?rest_route=\/wp\/v2\/types\/page"}],"author":[{"embeddable":true,"href":"https:\/\/discoverytour.ar\/index.php?rest_route=\/wp\/v2\/users\/2"}],"replies":[{"embeddable":true,"href":"https:\/\/discoverytour.ar\/index.php?rest_route=%2Fwp%2Fv2%2Fcomments&post=232"}],"version-history":[{"count":15,"href":"https:\/\/discoverytour.ar\/index.php?rest_route=\/wp\/v2\/pages\/232\/revisions"}],"predecessor-version":[{"id":2298,"href":"https:\/\/discoverytour.ar\/index.php?rest_route=\/wp\/v2\/pages\/232\/revisions\/2298"}],"wp:featuredmedia":[{"embeddable":true,"href":"https:\/\/discoverytour.ar\/index.php?rest_route=\/wp\/v2\/media\/2296"}],"wp:attachment":[{"href":"https:\/\/discoverytour.ar\/index.php?rest_route=%2Fwp%2Fv2%2Fmedia&parent=232"}],"curies":[{"name":"wp","href":"https:\/\/api.w.org\/{rel}","templated":true}]}}