{"id":244,"date":"2019-08-26T06:22:39","date_gmt":"2019-08-26T06:22:39","guid":{"rendered":"https:\/\/themepalacedemo.com\/tourist\/?page_id=244"},"modified":"2021-03-01T16:56:34","modified_gmt":"2021-03-01T19:56:34","slug":"nepal","status":"publish","type":"page","link":"https:\/\/discoverytour.ar\/?page_id=244","title":{"rendered":"\u00bfBASIC o PLUS?"},"content":{"rendered":"<h3>Eleg\u00ed el tipo de paquete tur\u00edstico que m\u00e1s se adapte a tu forma de viajar!<\/h3>\n<h4><img decoding=\"async\" loading=\"lazy\" class=\"alignnone  wp-image-1410\" src=\"https:\/\/discoverytour.ar\/wp-content\/uploads\/2021\/03\/LINEA-BASIC-300x300.png\" alt=\"\" width=\"122\" height=\"122\" srcset=\"https:\/\/discoverytour.ar\/wp-content\/uploads\/2021\/03\/LINEA-BASIC-300x300.png 300w, https:\/\/discoverytour.ar\/wp-content\/uploads\/2021\/03\/LINEA-BASIC-150x150.png 150w, https:\/\/discoverytour.ar\/wp-content\/uploads\/2021\/03\/LINEA-BASIC.png 567w\" sizes=\"(max-width: 122px) 100vw, 122px\" \/><\/h4>\n<h4>Nuestros programas en L\u00ednea Basic incluyen todas las <strong>visitas principales<\/strong> de cada destino, la mejor relaci\u00f3n <strong>calidad\/precio<\/strong>,\u00a0<strong> tiempo libre<\/strong> para recorrer a tu manera y los valores y servicios adicionales que nos diferencian!<\/h4>\n<p><a href=\"https:\/\/discoverytour.ar\/?post_type=itineraries&amp;s=&amp;itinerary_types=basic&amp;travel_locations=0&amp;wp-travel_search=Buscar\">Mir\u00e1 qu\u00ed<\/a> nuestras opciones <strong>BASIC<\/strong> en Argentina y el mundo.<\/p>\n<p><img decoding=\"async\" loading=\"lazy\" class=\"wp-image-1411 alignright\" src=\"https:\/\/discoverytour.ar\/wp-content\/uploads\/2021\/03\/LINEA-PLUS-300x300.png\" alt=\"\" width=\"122\" height=\"122\" srcset=\"https:\/\/discoverytour.ar\/wp-content\/uploads\/2021\/03\/LINEA-PLUS-300x300.png 300w, https:\/\/discoverytour.ar\/wp-content\/uploads\/2021\/03\/LINEA-PLUS-150x150.png 150w, https:\/\/discoverytour.ar\/wp-content\/uploads\/2021\/03\/LINEA-PLUS.png 567w\" sizes=\"(max-width: 122px) 100vw, 122px\" \/><\/p>\n<h4>Para aquel que quiere disfrutar\u00a0<strong>todas las experiencias<\/strong>\u00a0recomendadas en cada destino,\u00a0<strong>combinar estad\u00edas en distintos puntos<\/strong>, dejar los mejores\u00a0<strong>paseos y tours previamente organizados<\/strong>, ofrecemos la L\u00ednea Plus que suma las mejores actividades adicionales y permite ahorrar en la contrataci\u00f3n de opcionales en cada destino. Adem\u00e1s siempre incluiremos una <strong>selecci\u00f3n de hoteles de calidad<\/strong> para alojarte y generalmente tendr\u00e1s incluido el despacho de equipaje en bodega para tu vuelo.<\/h4>\n<p><a href=\"https:\/\/discoverytour.ar\/?post_type=itineraries&amp;s=&amp;itinerary_types=plus&amp;travel_locations=0&amp;wp-travel_search=Buscar\">Mir\u00e1 qu\u00ed<\/a> nuestras opciones <strong>PLUS<\/strong> en Argentina y el mundo.<\/p>\n<p style=\"text-align: center;\">\u00a0<\/p>\n\n\n<p><\/p>\n","protected":false},"excerpt":{"rendered":"<p>Eleg\u00ed el tipo de paquete tur\u00edstico que m\u00e1s se adapte a tu forma de viajar! Nuestros programas en L\u00ednea Basic incluyen todas las visitas principales&hellip;<\/p>\n","protected":false},"author":2,"featured_media":1419,"parent":0,"menu_order":0,"comment_status":"closed","ping_status":"closed","template":"","meta":[],"yoast_head":"<!-- This site is optimized with the Yoast SEO plugin v18.9 - https:\/\/yoast.com\/wordpress\/plugins\/seo\/ -->\n<title>\u00bfBASIC o PLUS? - Discovery Tour Argentina<\/title>\n<meta name=\"robots\" content=\"index, follow, max-snippet:-1, max-image-preview:large, max-video-preview:-1\" \/>\n<link rel=\"canonical\" href=\"https:\/\/discoverytour.ar\/?page_id=244\" \/>\n<meta property=\"og:locale\" content=\"es_ES\" \/>\n<meta property=\"og:type\" content=\"article\" \/>\n<meta property=\"og:title\" content=\"\u00bfBASIC o PLUS? - Discovery Tour Argentina\" \/>\n<meta property=\"og:description\" content=\"Eleg\u00ed el tipo de paquete tur\u00edstico que m\u00e1s se adapte a tu forma de viajar! Nuestros programas en L\u00ednea Basic incluyen todas las visitas principales&hellip;\" \/>\n<meta property=\"og:url\" content=\"https:\/\/discoverytour.ar\/?page_id=244\" \/>\n<meta property=\"og:site_name\" content=\"Discovery Tour Argentina\" \/>\n<meta property=\"article:modified_time\" content=\"2021-03-01T19:56:34+00:00\" \/>\n<meta property=\"og:image\" content=\"https:\/\/discoverytour.ar\/wp-content\/uploads\/2021\/03\/banner-paquetes_basicYplus.jpg\" \/>\n\t<meta property=\"og:image:width\" content=\"1739\" \/>\n\t<meta property=\"og:image:height\" content=\"983\" \/>\n\t<meta property=\"og:image:type\" content=\"image\/jpeg\" \/>\n<meta name=\"twitter:card\" content=\"summary_large_image\" \/>\n<meta name=\"twitter:label1\" content=\"Tiempo de lectura\" \/>\n\t<meta name=\"twitter:data1\" content=\"2 minutos\" \/>\n<script type=\"application\/ld+json\" class=\"yoast-schema-graph\">{\"@context\":\"https:\/\/schema.org\",\"@graph\":[{\"@type\":\"Organization\",\"@id\":\"https:\/\/discoverytour.ar\/#organization\",\"name\":\"Discovery Tour\",\"url\":\"https:\/\/discoverytour.ar\/\",\"sameAs\":[],\"logo\":{\"@type\":\"ImageObject\",\"inLanguage\":\"es-AR\",\"@id\":\"https:\/\/discoverytour.ar\/#\/schema\/logo\/image\/\",\"url\":\"https:\/\/discoverytour.ar\/wp-content\/uploads\/2020\/10\/imagen-5.png\",\"contentUrl\":\"https:\/\/discoverytour.ar\/wp-content\/uploads\/2020\/10\/imagen-5.png\",\"width\":423,\"height\":144,\"caption\":\"Discovery Tour\"},\"image\":{\"@id\":\"https:\/\/discoverytour.ar\/#\/schema\/logo\/image\/\"}},{\"@type\":\"WebSite\",\"@id\":\"https:\/\/discoverytour.ar\/#website\",\"url\":\"https:\/\/discoverytour.ar\/\",\"name\":\"Discovery Tour Argentina :: Viajes\",\"description\":\"Viajes, Turismo, Destinos, Viajeros, Argentina y el mundo\",\"publisher\":{\"@id\":\"https:\/\/discoverytour.ar\/#organization\"},\"potentialAction\":[{\"@type\":\"SearchAction\",\"target\":{\"@type\":\"EntryPoint\",\"urlTemplate\":\"https:\/\/discoverytour.ar\/?s={search_term_string}\"},\"query-input\":\"required name=search_term_string\"}],\"inLanguage\":\"es-AR\"},{\"@type\":\"ImageObject\",\"inLanguage\":\"es-AR\",\"@id\":\"https:\/\/discoverytour.ar\/?page_id=244#primaryimage\",\"url\":\"https:\/\/discoverytour.ar\/wp-content\/uploads\/2021\/03\/banner-paquetes_basicYplus.jpg\",\"contentUrl\":\"https:\/\/discoverytour.ar\/wp-content\/uploads\/2021\/03\/banner-paquetes_basicYplus.jpg\",\"width\":1739,\"height\":983},{\"@type\":\"WebPage\",\"@id\":\"https:\/\/discoverytour.ar\/?page_id=244#webpage\",\"url\":\"https:\/\/discoverytour.ar\/?page_id=244\",\"name\":\"\u00bfBASIC o PLUS? - Discovery Tour Argentina\",\"isPartOf\":{\"@id\":\"https:\/\/discoverytour.ar\/#website\"},\"primaryImageOfPage\":{\"@id\":\"https:\/\/discoverytour.ar\/?page_id=244#primaryimage\"},\"datePublished\":\"2019-08-26T06:22:39+00:00\",\"dateModified\":\"2021-03-01T19:56:34+00:00\",\"breadcrumb\":{\"@id\":\"https:\/\/discoverytour.ar\/?page_id=244#breadcrumb\"},\"inLanguage\":\"es-AR\",\"potentialAction\":[{\"@type\":\"ReadAction\",\"target\":[\"https:\/\/discoverytour.ar\/?page_id=244\"]}]},{\"@type\":\"BreadcrumbList\",\"@id\":\"https:\/\/discoverytour.ar\/?page_id=244#breadcrumb\",\"itemListElement\":[{\"@type\":\"ListItem\",\"position\":1,\"name\":\"Home\",\"item\":\"https:\/\/discoverytour.ar\/\"},{\"@type\":\"ListItem\",\"position\":2,\"name\":\"\u00bfBASIC o PLUS?\"}]}]}<\/script>\n<!-- \/ Yoast SEO plugin. -->","yoast_head_json":{"title":"\u00bfBASIC o PLUS? - Discovery Tour Argentina","robots":{"index":"index","follow":"follow","max-snippet":"max-snippet:-1","max-image-preview":"max-image-preview:large","max-video-preview":"max-video-preview:-1"},"canonical":"https:\/\/discoverytour.ar\/?page_id=244","og_locale":"es_ES","og_type":"article","og_title":"\u00bfBASIC o PLUS? - Discovery Tour Argentina","og_description":"Eleg\u00ed el tipo de paquete tur\u00edstico que m\u00e1s se adapte a tu forma de viajar! Nuestros programas en L\u00ednea Basic incluyen todas las visitas principales&hellip;","og_url":"https:\/\/discoverytour.ar\/?page_id=244","og_site_name":"Discovery Tour Argentina","article_modified_time":"2021-03-01T19:56:34+00:00","og_image":[{"width":1739,"height":983,"url":"https:\/\/discoverytour.ar\/wp-content\/uploads\/2021\/03\/banner-paquetes_basicYplus.jpg","type":"image\/jpeg"}],"twitter_card":"summary_large_image","twitter_misc":{"Tiempo de lectura":"2 minutos"},"schema":{"@context":"https:\/\/schema.org","@graph":[{"@type":"Organization","@id":"https:\/\/discoverytour.ar\/#organization","name":"Discovery Tour","url":"https:\/\/discoverytour.ar\/","sameAs":[],"logo":{"@type":"ImageObject","inLanguage":"es-AR","@id":"https:\/\/discoverytour.ar\/#\/schema\/logo\/image\/","url":"https:\/\/discoverytour.ar\/wp-content\/uploads\/2020\/10\/imagen-5.png","contentUrl":"https:\/\/discoverytour.ar\/wp-content\/uploads\/2020\/10\/imagen-5.png","width":423,"height":144,"caption":"Discovery Tour"},"image":{"@id":"https:\/\/discoverytour.ar\/#\/schema\/logo\/image\/"}},{"@type":"WebSite","@id":"https:\/\/discoverytour.ar\/#website","url":"https:\/\/discoverytour.ar\/","name":"Discovery Tour Argentina :: Viajes","description":"Viajes, Turismo, Destinos, Viajeros, Argentina y el mundo","publisher":{"@id":"https:\/\/discoverytour.ar\/#organization"},"potentialAction":[{"@type":"SearchAction","target":{"@type":"EntryPoint","urlTemplate":"https:\/\/discoverytour.ar\/?s={search_term_string}"},"query-input":"required name=search_term_string"}],"inLanguage":"es-AR"},{"@type":"ImageObject","inLanguage":"es-AR","@id":"https:\/\/discoverytour.ar\/?page_id=244#primaryimage","url":"https:\/\/discoverytour.ar\/wp-content\/uploads\/2021\/03\/banner-paquetes_basicYplus.jpg","contentUrl":"https:\/\/discoverytour.ar\/wp-content\/uploads\/2021\/03\/banner-paquetes_basicYplus.jpg","width":1739,"height":983},{"@type":"WebPage","@id":"https:\/\/discoverytour.ar\/?page_id=244#webpage","url":"https:\/\/discoverytour.ar\/?page_id=244","name":"\u00bfBASIC o PLUS? - Discovery Tour Argentina","isPartOf":{"@id":"https:\/\/discoverytour.ar\/#website"},"primaryImageOfPage":{"@id":"https:\/\/discoverytour.ar\/?page_id=244#primaryimage"},"datePublished":"2019-08-26T06:22:39+00:00","dateModified":"2021-03-01T19:56:34+00:00","breadcrumb":{"@id":"https:\/\/discoverytour.ar\/?page_id=244#breadcrumb"},"inLanguage":"es-AR","potentialAction":[{"@type":"ReadAction","target":["https:\/\/discoverytour.ar\/?page_id=244"]}]},{"@type":"BreadcrumbList","@id":"https:\/\/discoverytour.ar\/?page_id=244#breadcrumb","itemListElement":[{"@type":"ListItem","position":1,"name":"Home","item":"https:\/\/discoverytour.ar\/"},{"@type":"ListItem","position":2,"name":"\u00bfBASIC o PLUS?"}]}]}},"_links":{"self":[{"href":"https:\/\/discoverytour.ar\/index.php?rest_route=\/wp\/v2\/pages\/244"}],"collection":[{"href":"https:\/\/discoverytour.ar\/index.php?rest_route=\/wp\/v2\/pages"}],"about":[{"href":"https:\/\/discoverytour.ar\/index.php?rest_route=\/wp\/v2\/types\/page"}],"author":[{"embeddable":true,"href":"https:\/\/discoverytour.ar\/index.php?rest_route=\/wp\/v2\/users\/2"}],"replies":[{"embeddable":true,"href":"https:\/\/discoverytour.ar\/index.php?rest_route=%2Fwp%2Fv2%2Fcomments&post=244"}],"version-history":[{"count":12,"href":"https:\/\/discoverytour.ar\/index.php?rest_route=\/wp\/v2\/pages\/244\/revisions"}],"predecessor-version":[{"id":2867,"href":"https:\/\/discoverytour.ar\/index.php?rest_route=\/wp\/v2\/pages\/244\/revisions\/2867"}],"wp:featuredmedia":[{"embeddable":true,"href":"https:\/\/discoverytour.ar\/index.php?rest_route=\/wp\/v2\/media\/1419"}],"wp:attachment":[{"href":"https:\/\/discoverytour.ar\/index.php?rest_route=%2Fwp%2Fv2%2Fmedia&parent=244"}],"curies":[{"name":"wp","href":"https:\/\/api.w.org\/{rel}","templated":true}]}}