{"id":2683,"date":"2022-04-25T12:56:47","date_gmt":"2022-04-25T15:56:47","guid":{"rendered":"https:\/\/discoverytour.ar\/?page_id=2683"},"modified":"2022-04-25T12:56:48","modified_gmt":"2022-04-25T15:56:48","slug":"las-22-mejores-playas-de-europa","status":"publish","type":"page","link":"https:\/\/discoverytour.ar\/?page_id=2683","title":{"rendered":"Las 22 mejores playas de Europa"},"content":{"rendered":"\n<p><em>European Best Destinations elabor\u00f3, de acuerdo a 12000 personas viajeras que votaron, la lista de las 22 mejores playas de Europa del 2022.<\/em><\/p>\n\n\n\n<p><strong>European Best Destinations&nbsp;<\/strong>acaba de publicar la relaci\u00f3n de las mejores playas de Europa en este a\u00f1o de 2022.<\/p>\n\n\n\n<p>La lista recoge las&nbsp;<strong>22 mejores playas de Europa para visitar este a\u00f1o<\/strong>, que ha sido elaborada teniendo en cuenta las votaciones de m\u00e1s de 12.000 personas viajeras que proceden de 82 pa\u00edses distintos.&nbsp;<\/p>\n\n\n\n<p>En esta edici\u00f3n de los&nbsp;<a href=\"https:\/\/www.europeanbestdestinations.com\/best-beaches-in-europe-2022\/\" target=\"_blank\" rel=\"noreferrer noopener\">galardones<\/a>,&nbsp;<strong>ha triunfado la playa de la isla de Porto Santo<\/strong>, en el archipi\u00e9lago atl\u00e1ntico portugu\u00e9s de Madeira.<\/p>\n\n\n\n<figure class=\"wp-block-image\"><img decoding=\"async\" src=\"https:\/\/www.ciudadanosviajeros.com.ar\/wp-content\/uploads\/2022\/04\/Porto-Santo-Madeira-1-1024x683.jpg\" alt=\"Porto Santo. Madeira, Portugal est\u00e1 en el puesto 1 de las 22 mejores playas de Europa de este a\u00f1o.\" class=\"wp-image-16342\"\/><figcaption>Porto Santo. Madeira, Portugal est\u00e1 en el puesto 1 de las 22 mejores playas de Europa de este a\u00f1o.<\/figcaption><\/figure>\n\n\n\n<p>Ocupando&nbsp;<strong>la segunda plaza destaca una playa espa\u00f1ola, gaditana, la de Bolonia, en Tarifa.<\/strong><\/p>\n\n\n\n<p><strong>Madeira tambi\u00e9n ocupa el tercer puesto<\/strong>. En este caso en la isla que da nombre al archipi\u00e9lago. Hablamos de la playa de&nbsp;<strong>Porto de Seixal.<\/strong><\/p>\n\n\n\n<h3 class=\"has-regular-font-size wp-block-heading\" style=\"font-style:normal;font-weight:600\">1. PORTO SANTO. MADEIRA, PORTUGAL<\/h3>\n\n\n\n<h3 class=\"has-regular-font-size wp-block-heading\" style=\"font-style:normal;font-weight:600\">2. PLAYA DE BOLONIA, TARIFA, ESPA\u00d1A<\/h3>\n\n\n\n<figure class=\"wp-block-image\"><img decoding=\"async\" src=\"https:\/\/www.ciudadanosviajeros.com.ar\/wp-content\/uploads\/2022\/04\/Playa-de-Bolonia-Tarifa-1-1024x637.jpg\" alt=\"Playa de Bolonia. Tarifa, Espa\u00f1a est\u00e1 en el puesto 2 de las 22 mejores playas de Europa de este a\u00f1o\" class=\"wp-image-16344\"\/><figcaption>Playa de Bolonia. Tarifa, Espa\u00f1a est\u00e1 en el puesto 2 de las 22 mejores playas de Europa de este a\u00f1o<\/figcaption><\/figure>\n\n\n\n<h3 class=\"has-regular-font-size wp-block-heading\" style=\"font-style:normal;font-weight:600\">3. PUERTO DE SEIXAL (MADEIRA, PORTUGAL)<\/h3>\n\n\n\n<h3 class=\"has-regular-font-size wp-block-heading\" style=\"font-style:normal;font-weight:600\">4. CALA GOLORITZE, BAUNEI, CERDE\u00d1A, ITALIA<\/h3>\n\n\n\n<h3 class=\"has-regular-font-size wp-block-heading\" style=\"font-style:normal;font-weight:600\">5. CALA MITJANETA, MENORCA, BALEARES, ESPA\u00d1A<\/h3>\n\n\n\n<h3 class=\"has-regular-font-size wp-block-heading\" style=\"font-style:normal;font-weight:600\">6. PLAYA DE MONOLIA, ISLA DE LICHADONISIA, KAMENA VOURLA, GRECIA<\/h3>\n\n\n\n<h3 class=\"has-regular-font-size wp-block-heading\" style=\"font-style:normal;font-weight:600\">7. \u2018BAIA DELLE ZAGARE\u2019, VIESTE, PUGLIA, ITALIA<\/h3>\n\n\n\n<figure class=\"wp-block-image\"><img decoding=\"async\" src=\"https:\/\/www.ciudadanosviajeros.com.ar\/wp-content\/uploads\/2022\/04\/lichadonisia_official_page_Bl8oPylnkAI-1.jpg\" alt=\"PLAYA DE MONOLIA, ISLA DE LICHADONISIA, KAMENA VOURLA, GRECIA Esta en el puesto 6 entre las 22 mejores playas de Europa de este a\u00f1o\" class=\"wp-image-16345\"\/><figcaption>PLAYA DE MONOLIA, ISLA DE LICHADONISIA, KAMENA VOURLA, GRECIA Esta en el puesto 6 entre las 22 mejores playas de Europa de este a\u00f1o<\/figcaption><\/figure>\n\n\n\n<p><strong>8. ISLA DE ELAFONISI, CHANIA, CRETA, GRECIA<\/strong><\/p>\n\n\n\n<p><strong>9. PLAYA DE SANTA GIULIA, PORTO VECHIO, C\u00d3RCEGA, FRANCIA<\/strong><\/p>\n\n\n\n<p><strong>10. PLAYAS DE HEL, PEN\u00cdNSULA DE HEL, POLONIA<\/strong><\/p>\n\n\n\n<p><strong>11. PORTO KATSIKI, LEFKADA, GRECIA<\/strong><\/p>\n\n\n\n<p><strong>12. CALANQUE D\u2019EN VAU, MARSELLA, FRANCIA<\/strong><\/p>\n\n\n\n<figure class=\"wp-block-image\"><img decoding=\"async\" src=\"https:\/\/www.ciudadanosviajeros.com.ar\/wp-content\/uploads\/2022\/04\/FR201116-1-1024x630.jpg\" alt=\"CALANQUE D'EN VAU, MARSELLA, FRANCIA en el puesto 12 de las 22 mejores playas de Europa\" class=\"wp-image-16346\"\/><figcaption><strong>CALANQUE D\u2019EN VAU, MARSELLA, FRANCIA<\/strong>&nbsp;en el puesto 12<\/figcaption><\/figure>\n\n\n\n<p><strong>13. AGIOS KONSTANTINOS, ISLA DE ASTIPALAEA, GRECIA<\/strong><\/p>\n\n\n\n<p><strong>14. PLAYA DE CAVOLI, ISLA DE ELBA, ITALIA<\/strong><\/p>\n\n\n\n<p><strong>15. CALA SA BOADELLA, LLORET DE MAR, ESPA\u00d1A<\/strong><\/p>\n\n\n\n<p><strong>16. LA SORGENTE, PORTOFERRARIO, ISLA DE ELBA, ITALIA<\/strong><\/p>\n\n\n\n<p><strong>17. CALA DEI GABBIANI, CERDE\u00d1A, ITALIA<\/strong><\/p>\n\n\n\n<p><strong>18. GREVE BLANCHE, TR\u00c9GASTEL, BRETA\u00d1A, FRANCIA<\/strong><\/p>\n\n\n\n<figure class=\"wp-block-image\"><img decoding=\"async\" src=\"https:\/\/www.ciudadanosviajeros.com.ar\/wp-content\/uploads\/2022\/04\/la-greve-blanche-a-tregastel-1-1024x498.jpg\" alt=\"GREVE BLANCHE, TR\u00c9GASTEL, BRETA\u00d1A, FRANCIA en el puesto 18 de las 22 mejores playas de Europa de este a\u00f1o 2022\" class=\"wp-image-16347\"\/><figcaption><strong>GREVE BLANCHE, TR\u00c9GASTEL, BRETA\u00d1A, FRANCIA<\/strong>&nbsp;en el puesto 18 de las 22 mejores playas de Europa de este a\u00f1o 2022<\/figcaption><\/figure>\n\n\n\n<p><strong>19. CALA CIPOLLA, CHIA, CERDE\u00d1A, ITALIA<\/strong><\/p>\n\n\n\n<p><strong>20. CALA BONA, BLANES, ESPA\u00d1A<\/strong><\/p>\n\n\n\n<p><strong>21. PLAYA DE LAGA, URDAIBAI, PA\u00cdS VASCO, ESPA\u00d1A<\/strong><\/p>\n\n\n\n<p><strong>22. PLAYA DE CAUCO, MAIORI, AMALFI, ITALIA<\/strong><\/p>\n\n\n\n<p>Fuente:&nbsp;<em>Expreso. Redacci\u00f3n. J.R<\/em><\/p>\n","protected":false},"excerpt":{"rendered":"<p>European Best Destinations elabor\u00f3, de acuerdo a 12000 personas viajeras que votaron, la lista de las 22 mejores playas de Europa del 2022. European Best&hellip;<\/p>\n","protected":false},"author":1,"featured_media":2684,"parent":0,"menu_order":0,"comment_status":"closed","ping_status":"closed","template":"","meta":[],"yoast_head":"<!-- This site is optimized with the Yoast SEO plugin v18.9 - https:\/\/yoast.com\/wordpress\/plugins\/seo\/ -->\n<title>Las 22 mejores playas de Europa - Discovery Tour Argentina<\/title>\n<meta name=\"robots\" content=\"index, follow, max-snippet:-1, max-image-preview:large, max-video-preview:-1\" \/>\n<link rel=\"canonical\" href=\"https:\/\/discoverytour.ar\/?page_id=2683\" \/>\n<meta property=\"og:locale\" content=\"es_ES\" \/>\n<meta property=\"og:type\" content=\"article\" \/>\n<meta property=\"og:title\" content=\"Las 22 mejores playas de Europa - Discovery Tour Argentina\" \/>\n<meta property=\"og:description\" content=\"European Best Destinations elabor\u00f3, de acuerdo a 12000 personas viajeras que votaron, la lista de las 22 mejores playas de Europa del 2022. European Best&hellip;\" \/>\n<meta property=\"og:url\" content=\"https:\/\/discoverytour.ar\/?page_id=2683\" \/>\n<meta property=\"og:site_name\" content=\"Discovery Tour Argentina\" \/>\n<meta property=\"article:modified_time\" content=\"2022-04-25T15:56:48+00:00\" \/>\n<meta property=\"og:image\" content=\"https:\/\/discoverytour.ar\/wp-content\/uploads\/2022\/04\/portosanto_madeira.jpg\" \/>\n\t<meta property=\"og:image:width\" content=\"1366\" \/>\n\t<meta property=\"og:image:height\" content=\"768\" \/>\n\t<meta property=\"og:image:type\" content=\"image\/jpeg\" \/>\n<meta name=\"twitter:card\" content=\"summary_large_image\" \/>\n<meta name=\"twitter:label1\" content=\"Tiempo de lectura\" \/>\n\t<meta name=\"twitter:data1\" content=\"3 minutos\" \/>\n<script type=\"application\/ld+json\" class=\"yoast-schema-graph\">{\"@context\":\"https:\/\/schema.org\",\"@graph\":[{\"@type\":\"Organization\",\"@id\":\"https:\/\/discoverytour.ar\/#organization\",\"name\":\"Discovery Tour\",\"url\":\"https:\/\/discoverytour.ar\/\",\"sameAs\":[],\"logo\":{\"@type\":\"ImageObject\",\"inLanguage\":\"es-AR\",\"@id\":\"https:\/\/discoverytour.ar\/#\/schema\/logo\/image\/\",\"url\":\"https:\/\/discoverytour.ar\/wp-content\/uploads\/2020\/10\/imagen-5.png\",\"contentUrl\":\"https:\/\/discoverytour.ar\/wp-content\/uploads\/2020\/10\/imagen-5.png\",\"width\":423,\"height\":144,\"caption\":\"Discovery Tour\"},\"image\":{\"@id\":\"https:\/\/discoverytour.ar\/#\/schema\/logo\/image\/\"}},{\"@type\":\"WebSite\",\"@id\":\"https:\/\/discoverytour.ar\/#website\",\"url\":\"https:\/\/discoverytour.ar\/\",\"name\":\"Discovery Tour Argentina :: Viajes\",\"description\":\"Viajes, Turismo, Destinos, Viajeros, Argentina y el mundo\",\"publisher\":{\"@id\":\"https:\/\/discoverytour.ar\/#organization\"},\"potentialAction\":[{\"@type\":\"SearchAction\",\"target\":{\"@type\":\"EntryPoint\",\"urlTemplate\":\"https:\/\/discoverytour.ar\/?s={search_term_string}\"},\"query-input\":\"required name=search_term_string\"}],\"inLanguage\":\"es-AR\"},{\"@type\":\"ImageObject\",\"inLanguage\":\"es-AR\",\"@id\":\"https:\/\/discoverytour.ar\/?page_id=2683#primaryimage\",\"url\":\"https:\/\/discoverytour.ar\/wp-content\/uploads\/2022\/04\/portosanto_madeira.jpg\",\"contentUrl\":\"https:\/\/discoverytour.ar\/wp-content\/uploads\/2022\/04\/portosanto_madeira.jpg\",\"width\":1366,\"height\":768},{\"@type\":\"WebPage\",\"@id\":\"https:\/\/discoverytour.ar\/?page_id=2683#webpage\",\"url\":\"https:\/\/discoverytour.ar\/?page_id=2683\",\"name\":\"Las 22 mejores playas de Europa - Discovery Tour Argentina\",\"isPartOf\":{\"@id\":\"https:\/\/discoverytour.ar\/#website\"},\"primaryImageOfPage\":{\"@id\":\"https:\/\/discoverytour.ar\/?page_id=2683#primaryimage\"},\"datePublished\":\"2022-04-25T15:56:47+00:00\",\"dateModified\":\"2022-04-25T15:56:48+00:00\",\"breadcrumb\":{\"@id\":\"https:\/\/discoverytour.ar\/?page_id=2683#breadcrumb\"},\"inLanguage\":\"es-AR\",\"potentialAction\":[{\"@type\":\"ReadAction\",\"target\":[\"https:\/\/discoverytour.ar\/?page_id=2683\"]}]},{\"@type\":\"BreadcrumbList\",\"@id\":\"https:\/\/discoverytour.ar\/?page_id=2683#breadcrumb\",\"itemListElement\":[{\"@type\":\"ListItem\",\"position\":1,\"name\":\"Home\",\"item\":\"https:\/\/discoverytour.ar\/\"},{\"@type\":\"ListItem\",\"position\":2,\"name\":\"Las 22 mejores playas de Europa\"}]}]}<\/script>\n<!-- \/ Yoast SEO plugin. -->","yoast_head_json":{"title":"Las 22 mejores playas de Europa - Discovery Tour Argentina","robots":{"index":"index","follow":"follow","max-snippet":"max-snippet:-1","max-image-preview":"max-image-preview:large","max-video-preview":"max-video-preview:-1"},"canonical":"https:\/\/discoverytour.ar\/?page_id=2683","og_locale":"es_ES","og_type":"article","og_title":"Las 22 mejores playas de Europa - Discovery Tour Argentina","og_description":"European Best Destinations elabor\u00f3, de acuerdo a 12000 personas viajeras que votaron, la lista de las 22 mejores playas de Europa del 2022. European Best&hellip;","og_url":"https:\/\/discoverytour.ar\/?page_id=2683","og_site_name":"Discovery Tour Argentina","article_modified_time":"2022-04-25T15:56:48+00:00","og_image":[{"width":1366,"height":768,"url":"https:\/\/discoverytour.ar\/wp-content\/uploads\/2022\/04\/portosanto_madeira.jpg","type":"image\/jpeg"}],"twitter_card":"summary_large_image","twitter_misc":{"Tiempo de lectura":"3 minutos"},"schema":{"@context":"https:\/\/schema.org","@graph":[{"@type":"Organization","@id":"https:\/\/discoverytour.ar\/#organization","name":"Discovery Tour","url":"https:\/\/discoverytour.ar\/","sameAs":[],"logo":{"@type":"ImageObject","inLanguage":"es-AR","@id":"https:\/\/discoverytour.ar\/#\/schema\/logo\/image\/","url":"https:\/\/discoverytour.ar\/wp-content\/uploads\/2020\/10\/imagen-5.png","contentUrl":"https:\/\/discoverytour.ar\/wp-content\/uploads\/2020\/10\/imagen-5.png","width":423,"height":144,"caption":"Discovery Tour"},"image":{"@id":"https:\/\/discoverytour.ar\/#\/schema\/logo\/image\/"}},{"@type":"WebSite","@id":"https:\/\/discoverytour.ar\/#website","url":"https:\/\/discoverytour.ar\/","name":"Discovery Tour Argentina :: Viajes","description":"Viajes, Turismo, Destinos, Viajeros, Argentina y el mundo","publisher":{"@id":"https:\/\/discoverytour.ar\/#organization"},"potentialAction":[{"@type":"SearchAction","target":{"@type":"EntryPoint","urlTemplate":"https:\/\/discoverytour.ar\/?s={search_term_string}"},"query-input":"required name=search_term_string"}],"inLanguage":"es-AR"},{"@type":"ImageObject","inLanguage":"es-AR","@id":"https:\/\/discoverytour.ar\/?page_id=2683#primaryimage","url":"https:\/\/discoverytour.ar\/wp-content\/uploads\/2022\/04\/portosanto_madeira.jpg","contentUrl":"https:\/\/discoverytour.ar\/wp-content\/uploads\/2022\/04\/portosanto_madeira.jpg","width":1366,"height":768},{"@type":"WebPage","@id":"https:\/\/discoverytour.ar\/?page_id=2683#webpage","url":"https:\/\/discoverytour.ar\/?page_id=2683","name":"Las 22 mejores playas de Europa - Discovery Tour Argentina","isPartOf":{"@id":"https:\/\/discoverytour.ar\/#website"},"primaryImageOfPage":{"@id":"https:\/\/discoverytour.ar\/?page_id=2683#primaryimage"},"datePublished":"2022-04-25T15:56:47+00:00","dateModified":"2022-04-25T15:56:48+00:00","breadcrumb":{"@id":"https:\/\/discoverytour.ar\/?page_id=2683#breadcrumb"},"inLanguage":"es-AR","potentialAction":[{"@type":"ReadAction","target":["https:\/\/discoverytour.ar\/?page_id=2683"]}]},{"@type":"BreadcrumbList","@id":"https:\/\/discoverytour.ar\/?page_id=2683#breadcrumb","itemListElement":[{"@type":"ListItem","position":1,"name":"Home","item":"https:\/\/discoverytour.ar\/"},{"@type":"ListItem","position":2,"name":"Las 22 mejores playas de Europa"}]}]}},"_links":{"self":[{"href":"https:\/\/discoverytour.ar\/index.php?rest_route=\/wp\/v2\/pages\/2683"}],"collection":[{"href":"https:\/\/discoverytour.ar\/index.php?rest_route=\/wp\/v2\/pages"}],"about":[{"href":"https:\/\/discoverytour.ar\/index.php?rest_route=\/wp\/v2\/types\/page"}],"author":[{"embeddable":true,"href":"https:\/\/discoverytour.ar\/index.php?rest_route=\/wp\/v2\/users\/1"}],"replies":[{"embeddable":true,"href":"https:\/\/discoverytour.ar\/index.php?rest_route=%2Fwp%2Fv2%2Fcomments&post=2683"}],"version-history":[{"count":2,"href":"https:\/\/discoverytour.ar\/index.php?rest_route=\/wp\/v2\/pages\/2683\/revisions"}],"predecessor-version":[{"id":2686,"href":"https:\/\/discoverytour.ar\/index.php?rest_route=\/wp\/v2\/pages\/2683\/revisions\/2686"}],"wp:featuredmedia":[{"embeddable":true,"href":"https:\/\/discoverytour.ar\/index.php?rest_route=\/wp\/v2\/media\/2684"}],"wp:attachment":[{"href":"https:\/\/discoverytour.ar\/index.php?rest_route=%2Fwp%2Fv2%2Fmedia&parent=2683"}],"curies":[{"name":"wp","href":"https:\/\/api.w.org\/{rel}","templated":true}]}}