{"id":276,"date":"2019-08-26T06:37:12","date_gmt":"2019-08-26T06:37:12","guid":{"rendered":"https:\/\/themepalacedemo.com\/tourist\/?page_id=259"},"modified":"2021-02-11T12:43:23","modified_gmt":"2021-02-11T15:43:23","slug":"the-coral-island","status":"publish","type":"page","link":"https:\/\/discoverytour.ar\/?page_id=276","title":{"rendered":"#descubr\u00ed Punta Cana"},"content":{"rendered":"<div class=\"txt\">\n<p>Quien siente la necesidad de escapar a un para\u00edso tropical, encuentra en Punta Cana todo aquello que precisa. Este hermoso tramo de costa en la Rep\u00fablica Dominicana est\u00e1 bendecido con fant\u00e1sticas playas como El Cortecito y B\u00e1varo, maravillosos campos de golf y un clima tropical, c\u00e1lido, permanentemente ba\u00f1ado por el sol.<\/p>\n<p>Punta Cana es ideal, sobre todo, para desconectar y tom\u00e1rselo con calma.<\/p>\n<p>Tirarte bajo la sombra de una palmera mientras tu familia o amigos nadan o bucean. Disfrutar de los sugerentes c\u00f3cteles de ron caribe\u00f1o y frutas tropicales mientras el sol se esconde bajo el horizonte. Navegar en canoa o en balsa en los espectaculares Alpes dominicanos, o visitar Santo Domingo para descubrir esta ciudad inimitable.<\/p>\n<p>Es tu elecci\u00f3n si quer\u00e9s pasar unas vacaciones activas o simplemente broncearte, descansar o disfrutar de los incre\u00edbles resorts All Inclusive en uno de los mejores destinos del Caribe.<\/p>\n<p><img decoding=\"async\" loading=\"lazy\" class=\"aligncenter wp-image-1163 size-full\" src=\"https:\/\/discoverytour.ar\/wp-content\/uploads\/2021\/02\/punta-cana_riu-naiboa.jpg\" alt=\"\" width=\"900\" height=\"600\" srcset=\"https:\/\/discoverytour.ar\/wp-content\/uploads\/2021\/02\/punta-cana_riu-naiboa.jpg 900w, https:\/\/discoverytour.ar\/wp-content\/uploads\/2021\/02\/punta-cana_riu-naiboa-300x200.jpg 300w, https:\/\/discoverytour.ar\/wp-content\/uploads\/2021\/02\/punta-cana_riu-naiboa-768x512.jpg 768w\" sizes=\"(max-width: 900px) 100vw, 900px\" \/><\/p>\n<\/div>\n<div class=\"txt\">\n<h3><span style=\"color: #1560e7;\"><strong>Cuando visitar Punta Cana?<\/strong><\/span><\/h3>\n<p>El mejor clima de Punta Cana suele darse a finales de la primavera, entre marzo y mayo, cuando se disfruta de m\u00e1s de 21 \u00baC al d\u00eda, poca lluvia y ning\u00fan riesgo de huracanes. Las tormentas tropicales son frecuentes entre junio y diciembre, aunque suelen pasar r\u00e1pido; mientras que la temporada alta, entre enero y abril, recibe la llegada masiva de turistas norteamericanos que invaden las playas buscando sol en invierno.<\/p>\n<\/div>\n<h3><span style=\"color: #1560e7;\"><strong>Como llegar a Punta Cana?<\/strong><\/span><\/h3>\n<p>Desde Argentina las opciones de vuelo son:<img decoding=\"async\" loading=\"lazy\" class=\"alignright\" src=\"https:\/\/bucket3.glanacion.com\/anexos\/fotos\/56\/2729356.jpg\" alt=\"\" width=\"371\" height=\"248\"><\/p>\n<ul>\n<li><strong>Aerolineas Argentinas:&nbsp;<\/strong>en vuelo directo desde Buenos Aires (Ezeiza)<\/li>\n<li><strong>Copa Airlines&nbsp;<\/strong>con conexi\u00f3n en Panam\u00e1<\/li>\n<li><strong>Avianca&nbsp;<\/strong>con conexi\u00f3n en Bogot\u00e1 o Lima<\/li>\n<li><strong>Aerom\u00e9xico&nbsp;<\/strong>con conexi\u00f3n en Ciudad de M\u00e9xico<\/li>\n<li><strong>LATAM&nbsp;<\/strong>con conexi\u00f3n en Santiago de Chile o Lima<\/li>\n<li><strong>GOL&nbsp;<\/strong>con conexi\u00f3n en San Pablo<\/li>\n<li><strong>American Airlines, Delta, United&nbsp;<\/strong>con conexi\u00f3n en los Estados Unidos (y visa requerida)<\/li>\n<\/ul>\n<p>El aeropuerto se encuentra a unos 8 kilometros de la zona hotelera y centro. Algunos viajeros optan por volar a otros aeropuertos en la Rep\u00fablica Dominicana, alquilar un autom\u00f3vil y conducir hacia Punta Cana. De hecho, quedarse en Santo Domingo (a veces hay vuelos m\u00e1s econ\u00f3micos a esta ciudad con Copa Airlines o Avianca en algunas temporadas) y conducir hacia el este es una opci\u00f3n sencilla, gracias a la carretera de reciente construcci\u00f3n de La Romana a Punta Cana, la cual conecta con la carretera a Santo Domingo.<\/p>\n<h3><span style=\"color: #1560e7;\"><strong>C\u00f3mo moverse en Punta Cana?<\/strong><\/span><\/h3>\n<h4><span style=\"color: #242625; font-family: Raleway, sans-serif; font-size: 20px;\">Transporte p\u00fablico<\/span><\/h4>\n<div class=\"col\">\n<div class=\"gettingAround-item\">\n<p>En general, tomar un taxi o alquilar un coche suele ser preferible al transporte p\u00fablico local, si bien este sale barato y ofrece aut\u00e9nticas experiencias dominicanas, especialmente las guaguas (minibuses) que recorren las carreteras costeras. Las tarifas son bajas: por ejemplo, puedes viajar desde B\u00e1varo a El Cortecito por 15 RD$.<\/p>\n<p><span style=\"color: #242625; font-family: Raleway, sans-serif; font-size: 20px;\">Taxis<\/span><\/p>\n<\/div>\n<\/div>\n<div class=\"col\">\n<div class=\"gettingAround-item\">\n<p>Hay abundancia de taxis en el entorno de Punta Cana, pero no es la alternativa m\u00e1s econ\u00f3mica.&nbsp;<\/p>\n<\/div>\n<\/div>\n<div class=\"col\">\n<div class=\"gettingAround-item\">\n<h4>Auto<\/h4>\n<p>En Discovery Tour ofrecemos esta opci\u00f3n con multiples rentadoras. Alquilar un coche es f\u00e1cil desde el primer momento. Las tarifas no son altas: unos 700 RD$ por d\u00eda. Es ideal para un programa por el pa\u00eds recorriendo las distintas playas y atractivos tur\u00edsticos durmiendo en distintos lados.<\/p>\n<\/div>\n<\/div>\n<div class=\"cityguideTopReasonsCarousel\">\n<div id=\"UBWT\" class=\"Common-Gallery-DestinationCarousel clearfix\">\n<div class=\"keel-grid introduction-carouselItemsGrid\">\n<h3><span style=\"color: #1560e7;\"><strong>Donde comer en Punta Cana?<img decoding=\"async\" loading=\"lazy\" class=\" alignright\" src=\"https:\/\/media-cdn.tripadvisor.com\/media\/photo-s\/0e\/dd\/3d\/fe\/restaurante-capitan-cook.jpg\" alt=\"Capitan Cook\" width=\"270\" height=\"202\"><\/strong><\/span><\/h3>\n<p>Si sab\u00e9s elegir un buen hotel, comer en Punta Cana es una delicia, con chefs expertos procedentes de todo el&nbsp;mundo. Tambi\u00e9n hay algunos excelentes restaurantes independientes, como el <strong>Captain Cook<\/strong> en El Cortecito, que prepara la mejor langosta de la ciudad, el <strong>Jellyfish Beach Restaurant<\/strong>, para mariscos y c\u00f3cteles, y <strong>Mathilda<\/strong>, cuyos platos tradicionales dominicanos son impresionantes. Lo habitual es pagar unos 400 RD$ por una excelente comida.<\/p>\n<\/div>\n<\/div>\n<\/div>\n<h3><span style=\"color: #1560e7;\"><strong>Donde alojarse en Punta Cana?<\/strong><\/span><\/h3>\n<p><img decoding=\"async\" loading=\"lazy\" class=\"alignleft\" src=\"https:\/\/media-cdn.tripadvisor.com\/media\/photo-s\/11\/a8\/a2\/a0\/our-pool-beach-areas.jpg\" alt=\"Hard Rock Punta Cana\" width=\"423\" height=\"317\"><\/p>\n<p>Los visitantes de Punta Cana tienen a su disposici\u00f3n todo tipo de alojamientos. As\u00ed, la ciudad est\u00e1 rodeada de centros tur\u00edsticos tropicales con spa, campos de golf, playas privadas, gimnasios y piscinas. Entre los opciones que m\u00e1s gustan a los pasajeros argentinos figuran los hoteles Be Live, Catalonia, Occidental para los presupuestos m\u00e1s reducidos, siguiendo con las cadenas RIU, Bahia Principe, Barcel\u00f3, Ocean o los del grupo Iberostar. Sin embargo, tambi\u00e9n hay opciones m\u00e1s \u00edntimas, como Guesthouse Caribe Punta Cana. Si est\u00e1s buscando una experiencia de resort completa, el Hard Rock Hotel &amp; Casino Punta Cana es el mejor lugar para alojarse, con 13 piscinas y un campo de golf, o la calidad en los hoteles Paradisus y Melia. En general, el rango de precios m\u00e1s frecuente para una noche en una habitaci\u00f3n doble oscila entre los 7607 RD$ del Ocean Blue &amp; Sand y los 22 218 RD$ del Iberostar Grand Hotel B\u00e1varo.<\/p>\n<p>Si hablamos de las zonas para alojarse destacamos:<\/p>\n<div id=\"Rsr3\" class=\"Common-Gallery-DestinationCarousel clearfix\">\n<div class=\"keel-grid whereToStay-carouselItemsGrid\">\n<div class=\"col\">\n<div class=\"whereToStay-item\">\n<ol>\n<li><strong>B\u00e1varo<\/strong> es una de las zonas tur\u00edsticas m\u00e1s populares y atractivas de Punta Cana. Ubicada en torno a una laguna tropical, es ideal para la pr\u00e1ctica de la nataci\u00f3n y los deportes acu\u00e1ticos. Alberga algunos de los principales centros tur\u00edsticos de la zona, incluido el Now Larimar Punta Cana, as\u00ed como algunos de los mejores campos de golf, como Cocotal Golf &amp; Country Club y White Sands.<\/li>\n<li>El principal atractivo de <strong>Uvero Alto,<\/strong> que se encuentra a unos pocos kil\u00f3metros al norte de B\u00e1varo y de Punta Cana, es la playa. Suele estar menos concurrida que las del sur e incluye bonitas palmeras y buenas zonas de ba\u00f1o, por lo que se presenta como un destino ideal para vacaciones en familia. Vespa y The seafood paradise son buenos ejemplos de restaurantes altamente recomendables en esta zona.<\/li>\n<li>El <strong>Cortecito<\/strong>, al sur de B\u00e1varo, dispone de una playa muy larga y arenosa, as\u00ed como de un ambiente animado en el que destacan sus estupendos bares de c\u00f3cteles como Soles Chill Out Bar.<\/li>\n<\/ol>\n<\/div>\n<\/div>\n<\/div>\n<\/div>\n\n\n<h3 class=\"has-text-color wp-block-heading\" style=\"color:#1560e7\"><strong>Las mejores razones para visitar Punta Cana<\/strong><\/h3>\n\n\n\n<figure class=\"wp-block-table is-style-stripes\"><table><tbody><tr><td><img decoding=\"async\" src=\"https:\/\/mejorepocapara.net\/wp-content\/uploads\/2015\/11\/mejor-epoca-para-visitar-punta-cana.jpg\" alt=\"Esta imagen tiene un atributo alt vac\u00edo; el nombre del archivo es mejor-epoca-para-visitar-punta-cana.jpg\"><\/td><td>1. El inmejorable clima tropical<br>Punta Cana no ser\u00eda lo que es sin su magn\u00edfico clima. Fuera de la temporada de huracanes, los resorts est\u00e1n ba\u00f1ados por el sol casi permanentemente y las temperaturas apenas bajan de los 21 \u00baC.<\/td><\/tr><tr><td><img decoding=\"async\" src=\"https:\/\/www.101viajes.com\/sites\/default\/files\/isla-catalina-punta-cana_0.jpg\" alt=\"Isla Catalina\"><\/td><td>2. Islas para gozar<br>Esta regi\u00f3n dominicana se encuentra rodeada de islas imprescindibles y bell\u00edsimas, como Saona, en las costas de la provincia de Altagracia, que forma parte del parque nacional del Este. Ideal para admirar la fauna y la flora aut\u00f3ctonas, sobre todo practicando buceo, se encuentra acompa\u00f1ada de otras excursiones atractivas, como la caribe\u00f1a isla Catalina, al sur de la provincia de La Romana.<\/td><\/tr><tr><td><img decoding=\"async\" src=\"https:\/\/images.visitarepublicadominicana.org\/alto-de-chavon-la-romana.jpg\" alt=\"Altos del Chavon\"><\/td><td>3. Altos de Chav\u00f3n<br>Altos de Chav\u00f3n es una preciosa villa edificada en la parte m\u00e1s elevada del r\u00edo Chav\u00f3n. Alberga el Centro Cultural, el Museo Arqueol\u00f3gico Nacional y la Ciudad de los Artistas, por lo que resulta esencial visitarlos para impregnarse de la cultura y el estilo locales.<\/td><\/tr><tr><td><img decoding=\"async\" src=\"https:\/\/a.travel-assets.com\/findyours-php\/viewfinder\/images\/res40\/116000\/116832-Indigenous-Eyes-Ecological-Park.jpg\" alt=\"Parque Ecol\u00f3gico Ojos Ind\u00edgenas\"><\/td><td>4. Parque Ecol\u00f3gico Ojos Ind\u00edgenas<br>El Parque Ecol\u00f3gico Ojos Ind\u00edgenas es un \u00e1rea privada protegida que gestiona la Fundaci\u00f3n Ecol\u00f3gica de Punta Cana. Formada por bosques subtropicales de tierra baja, ofrece exposiciones que plasman la historia natural y cultural de la isla. Est\u00e1 compuesta por una docena de lagunas en las que puedes darte un refrescante ba\u00f1o.<\/td><\/tr><tr><td><img decoding=\"async\" src=\"https:\/\/d2poxrheyfxwbo.cloudfront.net\/hotel\/3d80d2f5-e528-44ad-bae5-9603b1d1f8b1\" alt=\"Iberostar Bavaro\"><\/td><td>5. Incre\u00edbles Resorts a precios accesibles<br>Punta Cana presenta una basta oferta hotelera, con hoteles de todo tipo, resorts con todos los servicios para todos los presupuestos para disfrutar unas verdaderas vacaciones. Adem\u00e1s estos resorts resultan a un precio muy conveniente comparados con otros destinos del Caribe como Jamaica, Turks and Caicos, Barbados, con otras tarifas muy superiores, y adem\u00e1s de todo se habla espa\u00f1ol!<\/td><\/tr><\/tbody><\/table><figcaption>Febrero 2021. <\/figcaption><\/figure>\n\n\n\n<p><\/p>\n\n\n\n<p><strong>Discovery Tour te ofrece la opci\u00f3n para viajar a Punta Cana que m\u00e1s se adapte a tus necesidades y gustos en cualquiera de nuestros programas de las L\u00edneas Basic o Plus. Contactanos ahora y un vendedor estar\u00e1 a tu disposici\u00f3n para ayudarte en tu viaje so\u00f1ado a este para\u00edso!<\/strong><\/p>\n\n\n\n<p>Y si quer\u00e9s saber m\u00e1s te inviamos a descubrir s\u00f3lo algunas de nuestras propuestas haciendo <a href=\"https:\/\/discoverytour.ar\/?post_type=itineraries&amp;s=&amp;itinerary_types=0&amp;travel_locations=punta-cana&amp;wp-travel_search=Buscar\">click aqu\u00ed!<\/a><\/p>\n\n\n\n<p><\/p>\n","protected":false},"excerpt":{"rendered":"<p>Quien siente la necesidad de escapar a un para\u00edso tropical, encuentra en Punta Cana todo aquello que precisa. Este hermoso tramo de costa en la&hellip;<\/p>\n","protected":false},"author":2,"featured_media":1165,"parent":0,"menu_order":0,"comment_status":"closed","ping_status":"closed","template":"","meta":[],"yoast_head":"<!-- This site is optimized with the Yoast SEO plugin v18.9 - https:\/\/yoast.com\/wordpress\/plugins\/seo\/ -->\n<title>#descubr\u00ed Punta Cana - Discovery Tour Argentina<\/title>\n<meta name=\"robots\" content=\"index, follow, max-snippet:-1, max-image-preview:large, max-video-preview:-1\" \/>\n<link rel=\"canonical\" href=\"https:\/\/discoverytour.ar\/?page_id=276\" \/>\n<meta property=\"og:locale\" content=\"es_ES\" \/>\n<meta property=\"og:type\" content=\"article\" \/>\n<meta property=\"og:title\" content=\"#descubr\u00ed Punta Cana - Discovery Tour Argentina\" \/>\n<meta property=\"og:description\" content=\"Quien siente la necesidad de escapar a un para\u00edso tropical, encuentra en Punta Cana todo aquello que precisa. Este hermoso tramo de costa en la&hellip;\" \/>\n<meta property=\"og:url\" content=\"https:\/\/discoverytour.ar\/?page_id=276\" \/>\n<meta property=\"og:site_name\" content=\"Discovery Tour Argentina\" \/>\n<meta property=\"article:modified_time\" content=\"2021-02-11T15:43:23+00:00\" \/>\n<meta property=\"og:image\" content=\"https:\/\/discoverytour.ar\/wp-content\/uploads\/2021\/02\/playa_palmeras.jpg\" \/>\n\t<meta property=\"og:image:width\" content=\"1280\" \/>\n\t<meta property=\"og:image:height\" content=\"853\" \/>\n\t<meta property=\"og:image:type\" content=\"image\/jpeg\" \/>\n<meta name=\"twitter:card\" content=\"summary_large_image\" \/>\n<meta name=\"twitter:label1\" content=\"Tiempo de lectura\" \/>\n\t<meta name=\"twitter:data1\" content=\"8 minutos\" \/>\n<script type=\"application\/ld+json\" class=\"yoast-schema-graph\">{\"@context\":\"https:\/\/schema.org\",\"@graph\":[{\"@type\":\"Organization\",\"@id\":\"https:\/\/discoverytour.ar\/#organization\",\"name\":\"Discovery Tour\",\"url\":\"https:\/\/discoverytour.ar\/\",\"sameAs\":[],\"logo\":{\"@type\":\"ImageObject\",\"inLanguage\":\"es-AR\",\"@id\":\"https:\/\/discoverytour.ar\/#\/schema\/logo\/image\/\",\"url\":\"https:\/\/discoverytour.ar\/wp-content\/uploads\/2020\/10\/imagen-5.png\",\"contentUrl\":\"https:\/\/discoverytour.ar\/wp-content\/uploads\/2020\/10\/imagen-5.png\",\"width\":423,\"height\":144,\"caption\":\"Discovery Tour\"},\"image\":{\"@id\":\"https:\/\/discoverytour.ar\/#\/schema\/logo\/image\/\"}},{\"@type\":\"WebSite\",\"@id\":\"https:\/\/discoverytour.ar\/#website\",\"url\":\"https:\/\/discoverytour.ar\/\",\"name\":\"Discovery Tour Argentina :: Viajes\",\"description\":\"Viajes, Turismo, Destinos, Viajeros, Argentina y el mundo\",\"publisher\":{\"@id\":\"https:\/\/discoverytour.ar\/#organization\"},\"potentialAction\":[{\"@type\":\"SearchAction\",\"target\":{\"@type\":\"EntryPoint\",\"urlTemplate\":\"https:\/\/discoverytour.ar\/?s={search_term_string}\"},\"query-input\":\"required name=search_term_string\"}],\"inLanguage\":\"es-AR\"},{\"@type\":\"ImageObject\",\"inLanguage\":\"es-AR\",\"@id\":\"https:\/\/discoverytour.ar\/?page_id=276#primaryimage\",\"url\":\"https:\/\/discoverytour.ar\/wp-content\/uploads\/2021\/02\/playa_palmeras.jpg\",\"contentUrl\":\"https:\/\/discoverytour.ar\/wp-content\/uploads\/2021\/02\/playa_palmeras.jpg\",\"width\":1280,\"height\":853},{\"@type\":\"WebPage\",\"@id\":\"https:\/\/discoverytour.ar\/?page_id=276#webpage\",\"url\":\"https:\/\/discoverytour.ar\/?page_id=276\",\"name\":\"#descubr\u00ed Punta Cana - Discovery Tour Argentina\",\"isPartOf\":{\"@id\":\"https:\/\/discoverytour.ar\/#website\"},\"primaryImageOfPage\":{\"@id\":\"https:\/\/discoverytour.ar\/?page_id=276#primaryimage\"},\"datePublished\":\"2019-08-26T06:37:12+00:00\",\"dateModified\":\"2021-02-11T15:43:23+00:00\",\"breadcrumb\":{\"@id\":\"https:\/\/discoverytour.ar\/?page_id=276#breadcrumb\"},\"inLanguage\":\"es-AR\",\"potentialAction\":[{\"@type\":\"ReadAction\",\"target\":[\"https:\/\/discoverytour.ar\/?page_id=276\"]}]},{\"@type\":\"BreadcrumbList\",\"@id\":\"https:\/\/discoverytour.ar\/?page_id=276#breadcrumb\",\"itemListElement\":[{\"@type\":\"ListItem\",\"position\":1,\"name\":\"Home\",\"item\":\"https:\/\/discoverytour.ar\/\"},{\"@type\":\"ListItem\",\"position\":2,\"name\":\"#descubr\u00ed Punta Cana\"}]}]}<\/script>\n<!-- \/ Yoast SEO plugin. -->","yoast_head_json":{"title":"#descubr\u00ed Punta Cana - Discovery Tour Argentina","robots":{"index":"index","follow":"follow","max-snippet":"max-snippet:-1","max-image-preview":"max-image-preview:large","max-video-preview":"max-video-preview:-1"},"canonical":"https:\/\/discoverytour.ar\/?page_id=276","og_locale":"es_ES","og_type":"article","og_title":"#descubr\u00ed Punta Cana - Discovery Tour Argentina","og_description":"Quien siente la necesidad de escapar a un para\u00edso tropical, encuentra en Punta Cana todo aquello que precisa. Este hermoso tramo de costa en la&hellip;","og_url":"https:\/\/discoverytour.ar\/?page_id=276","og_site_name":"Discovery Tour Argentina","article_modified_time":"2021-02-11T15:43:23+00:00","og_image":[{"width":1280,"height":853,"url":"https:\/\/discoverytour.ar\/wp-content\/uploads\/2021\/02\/playa_palmeras.jpg","type":"image\/jpeg"}],"twitter_card":"summary_large_image","twitter_misc":{"Tiempo de lectura":"8 minutos"},"schema":{"@context":"https:\/\/schema.org","@graph":[{"@type":"Organization","@id":"https:\/\/discoverytour.ar\/#organization","name":"Discovery Tour","url":"https:\/\/discoverytour.ar\/","sameAs":[],"logo":{"@type":"ImageObject","inLanguage":"es-AR","@id":"https:\/\/discoverytour.ar\/#\/schema\/logo\/image\/","url":"https:\/\/discoverytour.ar\/wp-content\/uploads\/2020\/10\/imagen-5.png","contentUrl":"https:\/\/discoverytour.ar\/wp-content\/uploads\/2020\/10\/imagen-5.png","width":423,"height":144,"caption":"Discovery Tour"},"image":{"@id":"https:\/\/discoverytour.ar\/#\/schema\/logo\/image\/"}},{"@type":"WebSite","@id":"https:\/\/discoverytour.ar\/#website","url":"https:\/\/discoverytour.ar\/","name":"Discovery Tour Argentina :: Viajes","description":"Viajes, Turismo, Destinos, Viajeros, Argentina y el mundo","publisher":{"@id":"https:\/\/discoverytour.ar\/#organization"},"potentialAction":[{"@type":"SearchAction","target":{"@type":"EntryPoint","urlTemplate":"https:\/\/discoverytour.ar\/?s={search_term_string}"},"query-input":"required name=search_term_string"}],"inLanguage":"es-AR"},{"@type":"ImageObject","inLanguage":"es-AR","@id":"https:\/\/discoverytour.ar\/?page_id=276#primaryimage","url":"https:\/\/discoverytour.ar\/wp-content\/uploads\/2021\/02\/playa_palmeras.jpg","contentUrl":"https:\/\/discoverytour.ar\/wp-content\/uploads\/2021\/02\/playa_palmeras.jpg","width":1280,"height":853},{"@type":"WebPage","@id":"https:\/\/discoverytour.ar\/?page_id=276#webpage","url":"https:\/\/discoverytour.ar\/?page_id=276","name":"#descubr\u00ed Punta Cana - Discovery Tour Argentina","isPartOf":{"@id":"https:\/\/discoverytour.ar\/#website"},"primaryImageOfPage":{"@id":"https:\/\/discoverytour.ar\/?page_id=276#primaryimage"},"datePublished":"2019-08-26T06:37:12+00:00","dateModified":"2021-02-11T15:43:23+00:00","breadcrumb":{"@id":"https:\/\/discoverytour.ar\/?page_id=276#breadcrumb"},"inLanguage":"es-AR","potentialAction":[{"@type":"ReadAction","target":["https:\/\/discoverytour.ar\/?page_id=276"]}]},{"@type":"BreadcrumbList","@id":"https:\/\/discoverytour.ar\/?page_id=276#breadcrumb","itemListElement":[{"@type":"ListItem","position":1,"name":"Home","item":"https:\/\/discoverytour.ar\/"},{"@type":"ListItem","position":2,"name":"#descubr\u00ed Punta Cana"}]}]}},"_links":{"self":[{"href":"https:\/\/discoverytour.ar\/index.php?rest_route=\/wp\/v2\/pages\/276"}],"collection":[{"href":"https:\/\/discoverytour.ar\/index.php?rest_route=\/wp\/v2\/pages"}],"about":[{"href":"https:\/\/discoverytour.ar\/index.php?rest_route=\/wp\/v2\/types\/page"}],"author":[{"embeddable":true,"href":"https:\/\/discoverytour.ar\/index.php?rest_route=\/wp\/v2\/users\/2"}],"replies":[{"embeddable":true,"href":"https:\/\/discoverytour.ar\/index.php?rest_route=%2Fwp%2Fv2%2Fcomments&post=276"}],"version-history":[{"count":25,"href":"https:\/\/discoverytour.ar\/index.php?rest_route=\/wp\/v2\/pages\/276\/revisions"}],"predecessor-version":[{"id":1556,"href":"https:\/\/discoverytour.ar\/index.php?rest_route=\/wp\/v2\/pages\/276\/revisions\/1556"}],"wp:featuredmedia":[{"embeddable":true,"href":"https:\/\/discoverytour.ar\/index.php?rest_route=\/wp\/v2\/media\/1165"}],"wp:attachment":[{"href":"https:\/\/discoverytour.ar\/index.php?rest_route=%2Fwp%2Fv2%2Fmedia&parent=276"}],"curies":[{"name":"wp","href":"https:\/\/api.w.org\/{rel}","templated":true}]}}