{"id":277,"date":"2019-08-26T06:37:49","date_gmt":"2019-08-26T06:37:49","guid":{"rendered":"https:\/\/themepalacedemo.com\/tourist\/?page_id=261"},"modified":"2020-11-17T17:03:52","modified_gmt":"2020-11-17T20:03:52","slug":"discover-nature-cities","status":"publish","type":"page","link":"https:\/\/discoverytour.ar\/?page_id=277","title":{"rendered":"#descubr\u00ed  CATARATAS DEL IGUAZ\u00da"},"content":{"rendered":"<p>Las magn\u00edficas <strong>Cataratas del Iguaz\u00fa<\/strong>, una de las Siete <strong>Maravillas del Mundo<\/strong>, est\u00e1n conformadas por 275 saltos de agua que caen desde las m\u00e1s diversas alturas. La m\u00e1s alta, de 80 metros, es conocida como la Garganta del Diablo.<\/p>\n<p>Un contexto vegetal inigualable enmarca a uno de los paisajes naturales m\u00e1s opulentos del mundo: las Cataratas del Iguaz\u00fa. Se trata de m\u00e1s de 2 km de cascadas que superan los 70 metros de altura, una manifestaci\u00f3n espectacular de uno de los recursos cada vez m\u00e1s escasos del planeta: el agua.<\/p>\n<p>La ciudad de <strong>Puerto Iguaz\u00fa<\/strong> se encuentra en el nordeste de la Rep\u00fablica Argentina, en la provincia de Misiones, 300 km al norte de su capital, Posadas. La ciudad limita con Brasil y Paraguay por medio de la confluencia de los r\u00edos Paran\u00e1 e Iguaz\u00fa y es el lugar tur\u00edstico por excelencia para alojarse y disfrutar del mayor espect\u00e1culo de agua y selva que existe sobre la faz de la tierra: las majestuosas Cataratas del Iguaz\u00fa, \u201caguas grandes\u201d en lengua guaran\u00ed.<br \/>\nEsta regi\u00f3n presenta un clima c\u00e1lido subtropical h\u00famedo sin estaci\u00f3n seca, con temperaturas que oscilan entre los 20\u00ba y 33\u00baC en verano, mientras que el invierno es suave y agradable. Para destacar es el alto grado de humedad del lugar que ocasiona precipitaciones que disminuyen las amplitudes t\u00e9rmicas y genera un continuo aumento de nubosidad.<br \/>\nTopogr\u00e1ficamente, Puerto Iguaz\u00fa se encuentra en una subregi\u00f3n amesetada, su suelo es rocoso con una tonalidad roja intensa que deviene de la descomposici\u00f3n de los mel\u00e1firos \u2013rocas ricas en hierro\u2013, aunque los perfiles de los acantilados est\u00e1n cubiertos por humus, lo cual favorece el desarrollo de la exuberante selva misionera. Aqu\u00ed se encuentra la mitad de las especies de aves registradas en el territorio argentino y la mayor diversidad de orqu\u00eddeas del pa\u00eds, para citar s\u00f3lo algunos ejemplos.<br \/>\nPara llegar a esta encantadora ciudad y a uno de los escenarios m\u00e1s fascinantes de Am\u00e9rica del Sur, se puede optar por la v\u00eda a\u00e9rea ya que cuenta con el Aeropuerto Internacional Iguaz\u00fa a s\u00f3lo 17 km del centro de la ciudad. Desde Brasil y Paraguay se llega cruzando el Puente Internacional Tancredo Neves. Puerto Iguaz\u00fa es elegida anualmente por millones de personas que se acercan para disfrutar de un entorno natural que estalla de m\u00faltiples formas.<br \/>\nRealizar excursiones y visitas al Parque Nacional Iguaz\u00fa, declarado Patrimonio Natural de la Humanidad por la UNESCO, recorrer los 275 saltos de agua de las Cataratas y conocer acerca de la ex\u00f3tica flora y fauna del lugar son las opciones m\u00e1s elegidas por sus visitantes. El parque tiene una fauna diversa, incluidos coat\u00edes, jaguares y tucanes, adem\u00e1s de senderos y plataformas con miradores.<br \/>\nEn la ciudad se puede visitar y comprar en el impresionante Duty Free, conocer los museos Mboror\u00e9 y el de Ciencias Naturales, adem\u00e1s de conocer el Hito Tres Fronteras, el bar de Hielo y el Casino Internacional. Desde Puerto Iguaz\u00fa se organizan excursiones a Ciudad del Este (Paraguay), donde se encuentra una importante feria que comercializa interesantes productos artesanales y electr\u00f3nicos. Tambi\u00e9n salen otros paseos a Brasil para ver las cataratas con una nueva perspectiva o visitar el Parque Das Aves, estre otras opciones.<\/p>\n<p>Datos Curiosos:<\/p>\n<ul>\n<li>Las Cataratas tienen un ancho de 2.7 kil\u00f3metros (o 1,7 millas). Su altura var\u00eda entre los 60 metros (200 pies) y 82 metros (o 269 pies) y su caudal de agua promedio es de 1.800 m\u00b3\/s.<\/li>\n<\/ul>\n<ul>\n<li>Una gran parte del agua de las Cataratas cae en la\u00a0Garganta del Diablo- un largo abismo que es de 82 metros de altura, 150 metros de ancho y 700 metros de largo. Este abismo es en forma de \u201cU.\u201d<\/li>\n<\/ul>\n<ul>\n<li>Dos tercios de las Cataratas del Iguaz\u00fa est\u00e1n en el lado de Argentina.<\/li>\n<\/ul>\n<ul>\n<li>Las Cataratas del Iguaz\u00fa se formaron como resultado de una erupci\u00f3n volc\u00e1nica.<\/li>\n<\/ul>\n<ul>\n<li>Las Cataratas del Iguaz\u00fa pueden ser vistas en muchas pel\u00edculas, incluyendo: \u201cLa Misi\u00f3n\u201d, \u201cIndiana Jones and the Kingdom of the Crystal Skull\u201d, \u201cMr. Magoo\u201d, \u201cMiami Vice\u201d y muchas m\u00e1s.<\/li>\n<\/ul>\n<div>\n<ul>\n<li>Peri\u00f3dicos internacionales, expertos en viajes, medios prestigiosos y viajeros de todo el mundo\u2026 Nos narran su experiencia en una de las 7 Maravillas Naturales del Mundo.<\/li>\n<\/ul>\n<\/div>\n<p>Con todo esto que te contamos ya te dieron ganas de visitarlas? Descubr\u00ed ya las opciones que tenemos para vos: Hac\u00e9 <a href=\"https:\/\/discoverytour.ar\/?travel_locations=igr\">click aqu\u00ed!<\/a><\/p>\n","protected":false},"excerpt":{"rendered":"<p>Las magn\u00edficas Cataratas del Iguaz\u00fa, una de las Siete Maravillas del Mundo, est\u00e1n conformadas por 275 saltos de agua que caen desde las m\u00e1s diversas&hellip;<\/p>\n","protected":false},"author":2,"featured_media":804,"parent":0,"menu_order":0,"comment_status":"closed","ping_status":"closed","template":"","meta":[],"yoast_head":"<!-- This site is optimized with the Yoast SEO plugin v18.9 - https:\/\/yoast.com\/wordpress\/plugins\/seo\/ -->\n<title>#descubr\u00ed CATARATAS DEL IGUAZ\u00da - Discovery Tour Argentina<\/title>\n<meta name=\"robots\" content=\"index, follow, max-snippet:-1, max-image-preview:large, max-video-preview:-1\" \/>\n<link rel=\"canonical\" href=\"https:\/\/discoverytour.ar\/?page_id=277\" \/>\n<meta property=\"og:locale\" content=\"es_ES\" \/>\n<meta property=\"og:type\" content=\"article\" \/>\n<meta property=\"og:title\" content=\"#descubr\u00ed CATARATAS DEL IGUAZ\u00da - Discovery Tour Argentina\" \/>\n<meta property=\"og:description\" content=\"Las magn\u00edficas Cataratas del Iguaz\u00fa, una de las Siete Maravillas del Mundo, est\u00e1n conformadas por 275 saltos de agua que caen desde las m\u00e1s diversas&hellip;\" \/>\n<meta property=\"og:url\" content=\"https:\/\/discoverytour.ar\/?page_id=277\" \/>\n<meta property=\"og:site_name\" content=\"Discovery Tour Argentina\" \/>\n<meta property=\"article:modified_time\" content=\"2020-11-17T20:03:52+00:00\" \/>\n<meta property=\"og:image\" content=\"https:\/\/discoverytour.ar\/wp-content\/uploads\/2020\/10\/iguazu2-scaled.jpg\" \/>\n\t<meta property=\"og:image:width\" content=\"2560\" \/>\n\t<meta property=\"og:image:height\" content=\"1055\" \/>\n\t<meta property=\"og:image:type\" content=\"image\/jpeg\" \/>\n<meta name=\"twitter:card\" content=\"summary_large_image\" \/>\n<meta name=\"twitter:label1\" content=\"Tiempo de lectura\" \/>\n\t<meta name=\"twitter:data1\" content=\"4 minutos\" \/>\n<script type=\"application\/ld+json\" class=\"yoast-schema-graph\">{\"@context\":\"https:\/\/schema.org\",\"@graph\":[{\"@type\":\"Organization\",\"@id\":\"https:\/\/discoverytour.ar\/#organization\",\"name\":\"Discovery Tour\",\"url\":\"https:\/\/discoverytour.ar\/\",\"sameAs\":[],\"logo\":{\"@type\":\"ImageObject\",\"inLanguage\":\"es-AR\",\"@id\":\"https:\/\/discoverytour.ar\/#\/schema\/logo\/image\/\",\"url\":\"https:\/\/discoverytour.ar\/wp-content\/uploads\/2020\/10\/imagen-5.png\",\"contentUrl\":\"https:\/\/discoverytour.ar\/wp-content\/uploads\/2020\/10\/imagen-5.png\",\"width\":423,\"height\":144,\"caption\":\"Discovery Tour\"},\"image\":{\"@id\":\"https:\/\/discoverytour.ar\/#\/schema\/logo\/image\/\"}},{\"@type\":\"WebSite\",\"@id\":\"https:\/\/discoverytour.ar\/#website\",\"url\":\"https:\/\/discoverytour.ar\/\",\"name\":\"Discovery Tour Argentina :: Viajes\",\"description\":\"Viajes, Turismo, Destinos, Viajeros, Argentina y el mundo\",\"publisher\":{\"@id\":\"https:\/\/discoverytour.ar\/#organization\"},\"potentialAction\":[{\"@type\":\"SearchAction\",\"target\":{\"@type\":\"EntryPoint\",\"urlTemplate\":\"https:\/\/discoverytour.ar\/?s={search_term_string}\"},\"query-input\":\"required name=search_term_string\"}],\"inLanguage\":\"es-AR\"},{\"@type\":\"ImageObject\",\"inLanguage\":\"es-AR\",\"@id\":\"https:\/\/discoverytour.ar\/?page_id=277#primaryimage\",\"url\":\"https:\/\/discoverytour.ar\/wp-content\/uploads\/2020\/10\/iguazu2-scaled.jpg\",\"contentUrl\":\"https:\/\/discoverytour.ar\/wp-content\/uploads\/2020\/10\/iguazu2-scaled.jpg\",\"width\":2560,\"height\":1055},{\"@type\":\"WebPage\",\"@id\":\"https:\/\/discoverytour.ar\/?page_id=277#webpage\",\"url\":\"https:\/\/discoverytour.ar\/?page_id=277\",\"name\":\"#descubr\u00ed CATARATAS DEL IGUAZ\u00da - Discovery Tour Argentina\",\"isPartOf\":{\"@id\":\"https:\/\/discoverytour.ar\/#website\"},\"primaryImageOfPage\":{\"@id\":\"https:\/\/discoverytour.ar\/?page_id=277#primaryimage\"},\"datePublished\":\"2019-08-26T06:37:49+00:00\",\"dateModified\":\"2020-11-17T20:03:52+00:00\",\"breadcrumb\":{\"@id\":\"https:\/\/discoverytour.ar\/?page_id=277#breadcrumb\"},\"inLanguage\":\"es-AR\",\"potentialAction\":[{\"@type\":\"ReadAction\",\"target\":[\"https:\/\/discoverytour.ar\/?page_id=277\"]}]},{\"@type\":\"BreadcrumbList\",\"@id\":\"https:\/\/discoverytour.ar\/?page_id=277#breadcrumb\",\"itemListElement\":[{\"@type\":\"ListItem\",\"position\":1,\"name\":\"Home\",\"item\":\"https:\/\/discoverytour.ar\/\"},{\"@type\":\"ListItem\",\"position\":2,\"name\":\"#descubr\u00ed CATARATAS DEL IGUAZ\u00da\"}]}]}<\/script>\n<!-- \/ Yoast SEO plugin. -->","yoast_head_json":{"title":"#descubr\u00ed CATARATAS DEL IGUAZ\u00da - Discovery Tour Argentina","robots":{"index":"index","follow":"follow","max-snippet":"max-snippet:-1","max-image-preview":"max-image-preview:large","max-video-preview":"max-video-preview:-1"},"canonical":"https:\/\/discoverytour.ar\/?page_id=277","og_locale":"es_ES","og_type":"article","og_title":"#descubr\u00ed CATARATAS DEL IGUAZ\u00da - Discovery Tour Argentina","og_description":"Las magn\u00edficas Cataratas del Iguaz\u00fa, una de las Siete Maravillas del Mundo, est\u00e1n conformadas por 275 saltos de agua que caen desde las m\u00e1s diversas&hellip;","og_url":"https:\/\/discoverytour.ar\/?page_id=277","og_site_name":"Discovery Tour Argentina","article_modified_time":"2020-11-17T20:03:52+00:00","og_image":[{"width":2560,"height":1055,"url":"https:\/\/discoverytour.ar\/wp-content\/uploads\/2020\/10\/iguazu2-scaled.jpg","type":"image\/jpeg"}],"twitter_card":"summary_large_image","twitter_misc":{"Tiempo de lectura":"4 minutos"},"schema":{"@context":"https:\/\/schema.org","@graph":[{"@type":"Organization","@id":"https:\/\/discoverytour.ar\/#organization","name":"Discovery Tour","url":"https:\/\/discoverytour.ar\/","sameAs":[],"logo":{"@type":"ImageObject","inLanguage":"es-AR","@id":"https:\/\/discoverytour.ar\/#\/schema\/logo\/image\/","url":"https:\/\/discoverytour.ar\/wp-content\/uploads\/2020\/10\/imagen-5.png","contentUrl":"https:\/\/discoverytour.ar\/wp-content\/uploads\/2020\/10\/imagen-5.png","width":423,"height":144,"caption":"Discovery Tour"},"image":{"@id":"https:\/\/discoverytour.ar\/#\/schema\/logo\/image\/"}},{"@type":"WebSite","@id":"https:\/\/discoverytour.ar\/#website","url":"https:\/\/discoverytour.ar\/","name":"Discovery Tour Argentina :: Viajes","description":"Viajes, Turismo, Destinos, Viajeros, Argentina y el mundo","publisher":{"@id":"https:\/\/discoverytour.ar\/#organization"},"potentialAction":[{"@type":"SearchAction","target":{"@type":"EntryPoint","urlTemplate":"https:\/\/discoverytour.ar\/?s={search_term_string}"},"query-input":"required name=search_term_string"}],"inLanguage":"es-AR"},{"@type":"ImageObject","inLanguage":"es-AR","@id":"https:\/\/discoverytour.ar\/?page_id=277#primaryimage","url":"https:\/\/discoverytour.ar\/wp-content\/uploads\/2020\/10\/iguazu2-scaled.jpg","contentUrl":"https:\/\/discoverytour.ar\/wp-content\/uploads\/2020\/10\/iguazu2-scaled.jpg","width":2560,"height":1055},{"@type":"WebPage","@id":"https:\/\/discoverytour.ar\/?page_id=277#webpage","url":"https:\/\/discoverytour.ar\/?page_id=277","name":"#descubr\u00ed CATARATAS DEL IGUAZ\u00da - Discovery Tour Argentina","isPartOf":{"@id":"https:\/\/discoverytour.ar\/#website"},"primaryImageOfPage":{"@id":"https:\/\/discoverytour.ar\/?page_id=277#primaryimage"},"datePublished":"2019-08-26T06:37:49+00:00","dateModified":"2020-11-17T20:03:52+00:00","breadcrumb":{"@id":"https:\/\/discoverytour.ar\/?page_id=277#breadcrumb"},"inLanguage":"es-AR","potentialAction":[{"@type":"ReadAction","target":["https:\/\/discoverytour.ar\/?page_id=277"]}]},{"@type":"BreadcrumbList","@id":"https:\/\/discoverytour.ar\/?page_id=277#breadcrumb","itemListElement":[{"@type":"ListItem","position":1,"name":"Home","item":"https:\/\/discoverytour.ar\/"},{"@type":"ListItem","position":2,"name":"#descubr\u00ed CATARATAS DEL IGUAZ\u00da"}]}]}},"_links":{"self":[{"href":"https:\/\/discoverytour.ar\/index.php?rest_route=\/wp\/v2\/pages\/277"}],"collection":[{"href":"https:\/\/discoverytour.ar\/index.php?rest_route=\/wp\/v2\/pages"}],"about":[{"href":"https:\/\/discoverytour.ar\/index.php?rest_route=\/wp\/v2\/types\/page"}],"author":[{"embeddable":true,"href":"https:\/\/discoverytour.ar\/index.php?rest_route=\/wp\/v2\/users\/2"}],"replies":[{"embeddable":true,"href":"https:\/\/discoverytour.ar\/index.php?rest_route=%2Fwp%2Fv2%2Fcomments&post=277"}],"version-history":[{"count":3,"href":"https:\/\/discoverytour.ar\/index.php?rest_route=\/wp\/v2\/pages\/277\/revisions"}],"predecessor-version":[{"id":993,"href":"https:\/\/discoverytour.ar\/index.php?rest_route=\/wp\/v2\/pages\/277\/revisions\/993"}],"wp:featuredmedia":[{"embeddable":true,"href":"https:\/\/discoverytour.ar\/index.php?rest_route=\/wp\/v2\/media\/804"}],"wp:attachment":[{"href":"https:\/\/discoverytour.ar\/index.php?rest_route=%2Fwp%2Fv2%2Fmedia&parent=277"}],"curies":[{"name":"wp","href":"https:\/\/api.w.org\/{rel}","templated":true}]}}